{"id":174,"date":"2016-07-29T00:07:12","date_gmt":"2016-07-29T00:07:12","guid":{"rendered":"http:\/\/rednacionaldearte.com\/noticias\/?page_id=174"},"modified":"2020-07-17T19:39:23","modified_gmt":"2020-07-17T19:39:23","slug":"inscripciones-festival-internacional-videodanza","status":"publish","type":"page","link":"http:\/\/rednacionaldearte.com\/noticias\/inscripciones-festival-internacional-videodanza\/","title":{"rendered":"Inscripciones: Festival Internacional de Videodanza de la CDMX"},"content":{"rendered":"\n<figure class=\"wp-block-image size-large\"><a href=\"https:\/\/filmfreeway.com\/mexicovideodance\"><img loading=\"lazy\" decoding=\"async\" width=\"1024\" height=\"1024\" src=\"https:\/\/rednacionaldearte.com\/noticias\/wp-content\/uploads\/2020\/07\/SqsWVj_A-1024x1024.jpg\" alt=\"\" class=\"wp-image-4529\" srcset=\"http:\/\/rednacionaldearte.com\/noticias\/wp-content\/uploads\/2020\/07\/SqsWVj_A-1024x1024.jpg 1024w, http:\/\/rednacionaldearte.com\/noticias\/wp-content\/uploads\/2020\/07\/SqsWVj_A-300x300.jpg 300w, http:\/\/rednacionaldearte.com\/noticias\/wp-content\/uploads\/2020\/07\/SqsWVj_A-150x150.jpg 150w, http:\/\/rednacionaldearte.com\/noticias\/wp-content\/uploads\/2020\/07\/SqsWVj_A-768x768.jpg 768w, http:\/\/rednacionaldearte.com\/noticias\/wp-content\/uploads\/2020\/07\/SqsWVj_A-125x125.jpg 125w, http:\/\/rednacionaldearte.com\/noticias\/wp-content\/uploads\/2020\/07\/SqsWVj_A.jpg 1080w\" sizes=\"auto, (max-width: 1024px) 100vw, 1024px\" \/><\/a><\/figure>\n\n\n<p>Inscripci\u00f3n gratis para videodanzas mexicanas en <a href=\"https:\/\/filmfreeway.com\/mexicovideodance\" target=\"_blank\" rel=\"noopener noreferrer\">Filmfreeway<\/a>.<\/p>\n<p>______________________________________________________________________<\/p>\n<p style=\"text-align: justify;\">Por favor env\u00ede por correo la siguiente informaci\u00f3n para inscribir su trabajo en el Festival Internacional de Videodanza de la Ciudad de M\u00e9xico. Ante cualquier problema, por favor contacte a festivalvideodanza@rednacionaldearte.com.<\/p>\n<p style=\"text-align: justify;\">Suplicamos leer atentamente la convocatoria, disponible <strong><a href=\"http:\/\/videodanza.rednacionaldearte.com\/convocatoria.php\">aqu\u00ed<\/a>.<\/strong><\/p>\n<p style=\"text-align: justify;\">La cuota de inscripci\u00f3n es de\u00a0$140.00 pesos mexicanos m.n., misma que puede ser pagada<span style=\"color: #ff0000;\"> <strong><a style=\"color: #ff0000;\" href=\"http:\/\/rednacionaldearte.com\/noticias\/pago-de-inscripcion-fest-videodanza-cdmx\/\" target=\"_blank\" rel=\"noopener noreferrer\">aqu\u00ed<\/a>.<\/strong><\/span><\/p>\n<p style=\"text-align: justify;\">Si lo prefiere tambi\u00e9n puede usar las siguientes dos opciones para inscribir una pieza (cuota de registro en USD). Si no, por favor salte al formulario de inscripci\u00f3n.<\/p>\n<p><a href=\"https:\/\/festhome.com\/f\/2281\"><img decoding=\"async\" src=\"http:\/\/documents.festhome.com\/img\/logos\/buttons\/fh_orange.png\" alt=\"\" \/><\/a><br \/><a title=\"Click to submit with FilmFreeway\" href=\"https:\/\/filmfreeway.com\/festivals\/15774?utm_campaign=Submission+Button&amp;utm_medium=External&amp;utm_source=Submission+Button\" target=\"_blank\" rel=\"noopener noreferrer\"><img loading=\"lazy\" decoding=\"async\" title=\"Click to submit with FilmFreeway\" src=\"https:\/\/storage.googleapis.com\/filmfreeway-assets\/submission_buttons\/submit_btn-red.png\" alt=\"\" width=\"263\" height=\"40\" \/><\/a><\/p>\n<h3>Formulario de Inscripci\u00f3n:<\/h3>\n<p>Env\u00ede la siguiente informaci\u00f3n a festivalvideodanza@rednacionaldearte.com con el asunto \u00abInscripci\u00f3n Videodanza &#8211; Nombre de la videodanza\u00bb:<\/p>\n<ul>\n<li>T\u00edtulo de la Videodanza<\/li>\n<li>T\u00edtulo en Ingl\u00e9s<\/li>\n<li>Nombre completo del Representante<\/li>\n<li>E-mail de contacto<\/li>\n<li>Tel\u00e9fono<\/li>\n<li>Pa\u00eds(es)<\/li>\n<li>P\u00e1gina de Internet<\/li>\n<li>Link a la videodanza (Preferimos Vimeo)<\/li>\n<li>Contrase\u00f1a del video (en caso de tener)<\/li>\n<li>Director(es)<\/li>\n<li>Productor(es)<\/li>\n<li>Direcci\u00f3n de Fotograf\u00eda<\/li>\n<li>Otros cr\u00e9ditos t\u00e9cnicos (P.e. sonido, m\u00fasica, edici\u00f3n)<\/li>\n<li>Int\u00e9rpretes y talento<\/li>\n<li>Sinopsis<\/li>\n<li>Sinopsis en ingl\u00e9s<\/li>\n<li>A\u00f1o de producci\u00f3n<\/li>\n<li>\u00bfEs estreno mundial? (S\u00ed \/ No)<\/li>\n<li>Otros festivales y premios<\/li>\n<li>Autorizo que la pieza se muestre en la selecci\u00f3n online (S\u00ed \/ No)<\/li>\n<li>La cuota de inscripci\u00f3n ya ha sido cubierta (S\u00ed \/ No)<\/li>\n<li>Si la cuota ya fue cubierta, por favor proporcione los datos de quien realiz\u00f3 el pago (Nombre completo, e-mail, m\u00e9todo de pago)<\/li>\n<\/ul>\n\n\n<p><\/p>\n","protected":false},"excerpt":{"rendered":"<p>Inscripci\u00f3n gratis para videodanzas mexicanas en Filmfreeway. ______________________________________________________________________ Por favor env\u00ede por correo la siguiente informaci\u00f3n para inscribir su trabajo en el Festival Internacional de Videodanza de la Ciudad de M\u00e9xico. Ante cualquier problema, por favor contacte a festivalvideodanza@rednacionaldearte.com. Suplicamos leer atentamente la convocatoria, disponible aqu\u00ed. La cuota de inscripci\u00f3n es de\u00a0$140.00 pesos mexicanos m.n., [&hellip;]<\/p>\n","protected":false},"author":1,"featured_media":0,"parent":0,"menu_order":0,"comment_status":"closed","ping_status":"closed","template":"","meta":{"footnotes":""},"class_list":["post-174","page","type-page","status-publish","hentry"],"yoast_head":"<!-- This site is optimized with the Yoast SEO plugin v27.2 - https:\/\/yoast.com\/product\/yoast-seo-wordpress\/ -->\n<title>Inscripciones: Festival Internacional de Videodanza de la CDMX - Red Nacional de Arte<\/title>\n<meta name=\"robots\" content=\"index, follow, max-snippet:-1, max-image-preview:large, max-video-preview:-1\" \/>\n<link rel=\"canonical\" href=\"http:\/\/rednacionaldearte.com\/noticias\/inscripciones-festival-internacional-videodanza\/\" \/>\n<meta property=\"og:locale\" content=\"es_ES\" \/>\n<meta property=\"og:type\" content=\"article\" \/>\n<meta property=\"og:title\" content=\"Inscripciones: Festival Internacional de Videodanza de la CDMX - Red Nacional de Arte\" \/>\n<meta property=\"og:description\" content=\"Inscripci\u00f3n gratis para videodanzas mexicanas en Filmfreeway. ______________________________________________________________________ Por favor env\u00ede por correo la siguiente informaci\u00f3n para inscribir su trabajo en el Festival Internacional de Videodanza de la Ciudad de M\u00e9xico. Ante cualquier problema, por favor contacte a festivalvideodanza@rednacionaldearte.com. Suplicamos leer atentamente la convocatoria, disponible aqu\u00ed. La cuota de inscripci\u00f3n es de\u00a0$140.00 pesos mexicanos m.n., [&hellip;]\" \/>\n<meta property=\"og:url\" content=\"http:\/\/rednacionaldearte.com\/noticias\/inscripciones-festival-internacional-videodanza\/\" \/>\n<meta property=\"og:site_name\" content=\"Red Nacional de Arte\" \/>\n<meta property=\"article:publisher\" content=\"http:\/\/www.facebook.com\/rednacionaldearte\/\" \/>\n<meta property=\"article:modified_time\" content=\"2020-07-17T19:39:23+00:00\" \/>\n<meta property=\"og:image\" content=\"http:\/\/rednacionaldearte.com\/noticias\/wp-content\/uploads\/2020\/07\/SqsWVj_A.jpg\" \/>\n\t<meta property=\"og:image:width\" content=\"1080\" \/>\n\t<meta property=\"og:image:height\" content=\"1080\" \/>\n\t<meta property=\"og:image:type\" content=\"image\/jpeg\" \/>\n<meta name=\"twitter:card\" content=\"summary_large_image\" \/>\n<meta name=\"twitter:site\" content=\"@rednacionalarte\" \/>\n<meta name=\"twitter:label1\" content=\"Tiempo de lectura\" \/>\n\t<meta name=\"twitter:data1\" content=\"1 minuto\" \/>\n<script type=\"application\/ld+json\" class=\"yoast-schema-graph\">{\"@context\":\"https:\/\/schema.org\",\"@graph\":[{\"@type\":\"WebPage\",\"@id\":\"http:\/\/rednacionaldearte.com\/noticias\/inscripciones-festival-internacional-videodanza\/\",\"url\":\"http:\/\/rednacionaldearte.com\/noticias\/inscripciones-festival-internacional-videodanza\/\",\"name\":\"Inscripciones: Festival Internacional de Videodanza de la CDMX - Red Nacional de Arte\",\"isPartOf\":{\"@id\":\"http:\/\/rednacionaldearte.com\/noticias\/#website\"},\"primaryImageOfPage\":{\"@id\":\"http:\/\/rednacionaldearte.com\/noticias\/inscripciones-festival-internacional-videodanza\/#primaryimage\"},\"image\":{\"@id\":\"http:\/\/rednacionaldearte.com\/noticias\/inscripciones-festival-internacional-videodanza\/#primaryimage\"},\"thumbnailUrl\":\"https:\/\/rednacionaldearte.com\/noticias\/wp-content\/uploads\/2020\/07\/SqsWVj_A-1024x1024.jpg\",\"datePublished\":\"2016-07-29T00:07:12+00:00\",\"dateModified\":\"2020-07-17T19:39:23+00:00\",\"breadcrumb\":{\"@id\":\"http:\/\/rednacionaldearte.com\/noticias\/inscripciones-festival-internacional-videodanza\/#breadcrumb\"},\"inLanguage\":\"es\",\"potentialAction\":[{\"@type\":\"ReadAction\",\"target\":[\"http:\/\/rednacionaldearte.com\/noticias\/inscripciones-festival-internacional-videodanza\/\"]}]},{\"@type\":\"ImageObject\",\"inLanguage\":\"es\",\"@id\":\"http:\/\/rednacionaldearte.com\/noticias\/inscripciones-festival-internacional-videodanza\/#primaryimage\",\"url\":\"http:\/\/rednacionaldearte.com\/noticias\/wp-content\/uploads\/2020\/07\/SqsWVj_A.jpg\",\"contentUrl\":\"http:\/\/rednacionaldearte.com\/noticias\/wp-content\/uploads\/2020\/07\/SqsWVj_A.jpg\",\"width\":1080,\"height\":1080},{\"@type\":\"BreadcrumbList\",\"@id\":\"http:\/\/rednacionaldearte.com\/noticias\/inscripciones-festival-internacional-videodanza\/#breadcrumb\",\"itemListElement\":[{\"@type\":\"ListItem\",\"position\":1,\"name\":\"Home\",\"item\":\"http:\/\/rednacionaldearte.com\/noticias\/\"},{\"@type\":\"ListItem\",\"position\":2,\"name\":\"Inscripciones: Festival Internacional de Videodanza de la CDMX\"}]},{\"@type\":\"WebSite\",\"@id\":\"http:\/\/rednacionaldearte.com\/noticias\/#website\",\"url\":\"http:\/\/rednacionaldearte.com\/noticias\/\",\"name\":\"Red Nacional de Arte\",\"description\":\"Cultura y Arte contempor\u00e1neo en M\u00e9xico\",\"publisher\":{\"@id\":\"http:\/\/rednacionaldearte.com\/noticias\/#organization\"},\"potentialAction\":[{\"@type\":\"SearchAction\",\"target\":{\"@type\":\"EntryPoint\",\"urlTemplate\":\"http:\/\/rednacionaldearte.com\/noticias\/?s={search_term_string}\"},\"query-input\":{\"@type\":\"PropertyValueSpecification\",\"valueRequired\":true,\"valueName\":\"search_term_string\"}}],\"inLanguage\":\"es\"},{\"@type\":\"Organization\",\"@id\":\"http:\/\/rednacionaldearte.com\/noticias\/#organization\",\"name\":\"Red Nacional de Arte\",\"url\":\"http:\/\/rednacionaldearte.com\/noticias\/\",\"logo\":{\"@type\":\"ImageObject\",\"inLanguage\":\"es\",\"@id\":\"http:\/\/rednacionaldearte.com\/noticias\/#\/schema\/logo\/image\/\",\"url\":\"http:\/\/rednacionaldearte.com\/noticias\/wp-content\/uploads\/2016\/04\/logo.png\",\"contentUrl\":\"http:\/\/rednacionaldearte.com\/noticias\/wp-content\/uploads\/2016\/04\/logo.png\",\"width\":575,\"height\":554,\"caption\":\"Red Nacional de Arte\"},\"image\":{\"@id\":\"http:\/\/rednacionaldearte.com\/noticias\/#\/schema\/logo\/image\/\"},\"sameAs\":[\"http:\/\/www.facebook.com\/rednacionaldearte\/\",\"https:\/\/x.com\/rednacionalarte\"]}]}<\/script>\n<!-- \/ Yoast SEO plugin. -->","yoast_head_json":{"title":"Inscripciones: Festival Internacional de Videodanza de la CDMX - Red Nacional de Arte","robots":{"index":"index","follow":"follow","max-snippet":"max-snippet:-1","max-image-preview":"max-image-preview:large","max-video-preview":"max-video-preview:-1"},"canonical":"http:\/\/rednacionaldearte.com\/noticias\/inscripciones-festival-internacional-videodanza\/","og_locale":"es_ES","og_type":"article","og_title":"Inscripciones: Festival Internacional de Videodanza de la CDMX - Red Nacional de Arte","og_description":"Inscripci\u00f3n gratis para videodanzas mexicanas en Filmfreeway. ______________________________________________________________________ Por favor env\u00ede por correo la siguiente informaci\u00f3n para inscribir su trabajo en el Festival Internacional de Videodanza de la Ciudad de M\u00e9xico. Ante cualquier problema, por favor contacte a festivalvideodanza@rednacionaldearte.com. Suplicamos leer atentamente la convocatoria, disponible aqu\u00ed. La cuota de inscripci\u00f3n es de\u00a0$140.00 pesos mexicanos m.n., [&hellip;]","og_url":"http:\/\/rednacionaldearte.com\/noticias\/inscripciones-festival-internacional-videodanza\/","og_site_name":"Red Nacional de Arte","article_publisher":"http:\/\/www.facebook.com\/rednacionaldearte\/","article_modified_time":"2020-07-17T19:39:23+00:00","og_image":[{"width":1080,"height":1080,"url":"http:\/\/rednacionaldearte.com\/noticias\/wp-content\/uploads\/2020\/07\/SqsWVj_A.jpg","type":"image\/jpeg"}],"twitter_card":"summary_large_image","twitter_site":"@rednacionalarte","twitter_misc":{"Tiempo de lectura":"1 minuto"},"schema":{"@context":"https:\/\/schema.org","@graph":[{"@type":"WebPage","@id":"http:\/\/rednacionaldearte.com\/noticias\/inscripciones-festival-internacional-videodanza\/","url":"http:\/\/rednacionaldearte.com\/noticias\/inscripciones-festival-internacional-videodanza\/","name":"Inscripciones: Festival Internacional de Videodanza de la CDMX - Red Nacional de Arte","isPartOf":{"@id":"http:\/\/rednacionaldearte.com\/noticias\/#website"},"primaryImageOfPage":{"@id":"http:\/\/rednacionaldearte.com\/noticias\/inscripciones-festival-internacional-videodanza\/#primaryimage"},"image":{"@id":"http:\/\/rednacionaldearte.com\/noticias\/inscripciones-festival-internacional-videodanza\/#primaryimage"},"thumbnailUrl":"https:\/\/rednacionaldearte.com\/noticias\/wp-content\/uploads\/2020\/07\/SqsWVj_A-1024x1024.jpg","datePublished":"2016-07-29T00:07:12+00:00","dateModified":"2020-07-17T19:39:23+00:00","breadcrumb":{"@id":"http:\/\/rednacionaldearte.com\/noticias\/inscripciones-festival-internacional-videodanza\/#breadcrumb"},"inLanguage":"es","potentialAction":[{"@type":"ReadAction","target":["http:\/\/rednacionaldearte.com\/noticias\/inscripciones-festival-internacional-videodanza\/"]}]},{"@type":"ImageObject","inLanguage":"es","@id":"http:\/\/rednacionaldearte.com\/noticias\/inscripciones-festival-internacional-videodanza\/#primaryimage","url":"http:\/\/rednacionaldearte.com\/noticias\/wp-content\/uploads\/2020\/07\/SqsWVj_A.jpg","contentUrl":"http:\/\/rednacionaldearte.com\/noticias\/wp-content\/uploads\/2020\/07\/SqsWVj_A.jpg","width":1080,"height":1080},{"@type":"BreadcrumbList","@id":"http:\/\/rednacionaldearte.com\/noticias\/inscripciones-festival-internacional-videodanza\/#breadcrumb","itemListElement":[{"@type":"ListItem","position":1,"name":"Home","item":"http:\/\/rednacionaldearte.com\/noticias\/"},{"@type":"ListItem","position":2,"name":"Inscripciones: Festival Internacional de Videodanza de la CDMX"}]},{"@type":"WebSite","@id":"http:\/\/rednacionaldearte.com\/noticias\/#website","url":"http:\/\/rednacionaldearte.com\/noticias\/","name":"Red Nacional de Arte","description":"Cultura y Arte contempor\u00e1neo en M\u00e9xico","publisher":{"@id":"http:\/\/rednacionaldearte.com\/noticias\/#organization"},"potentialAction":[{"@type":"SearchAction","target":{"@type":"EntryPoint","urlTemplate":"http:\/\/rednacionaldearte.com\/noticias\/?s={search_term_string}"},"query-input":{"@type":"PropertyValueSpecification","valueRequired":true,"valueName":"search_term_string"}}],"inLanguage":"es"},{"@type":"Organization","@id":"http:\/\/rednacionaldearte.com\/noticias\/#organization","name":"Red Nacional de Arte","url":"http:\/\/rednacionaldearte.com\/noticias\/","logo":{"@type":"ImageObject","inLanguage":"es","@id":"http:\/\/rednacionaldearte.com\/noticias\/#\/schema\/logo\/image\/","url":"http:\/\/rednacionaldearte.com\/noticias\/wp-content\/uploads\/2016\/04\/logo.png","contentUrl":"http:\/\/rednacionaldearte.com\/noticias\/wp-content\/uploads\/2016\/04\/logo.png","width":575,"height":554,"caption":"Red Nacional de Arte"},"image":{"@id":"http:\/\/rednacionaldearte.com\/noticias\/#\/schema\/logo\/image\/"},"sameAs":["http:\/\/www.facebook.com\/rednacionaldearte\/","https:\/\/x.com\/rednacionalarte"]}]}},"amp_validity":null,"amp_enabled":true,"_links":{"self":[{"href":"http:\/\/rednacionaldearte.com\/noticias\/wp-json\/wp\/v2\/pages\/174","targetHints":{"allow":["GET"]}}],"collection":[{"href":"http:\/\/rednacionaldearte.com\/noticias\/wp-json\/wp\/v2\/pages"}],"about":[{"href":"http:\/\/rednacionaldearte.com\/noticias\/wp-json\/wp\/v2\/types\/page"}],"author":[{"embeddable":true,"href":"http:\/\/rednacionaldearte.com\/noticias\/wp-json\/wp\/v2\/users\/1"}],"replies":[{"embeddable":true,"href":"http:\/\/rednacionaldearte.com\/noticias\/wp-json\/wp\/v2\/comments?post=174"}],"version-history":[{"count":13,"href":"http:\/\/rednacionaldearte.com\/noticias\/wp-json\/wp\/v2\/pages\/174\/revisions"}],"predecessor-version":[{"id":4531,"href":"http:\/\/rednacionaldearte.com\/noticias\/wp-json\/wp\/v2\/pages\/174\/revisions\/4531"}],"wp:attachment":[{"href":"http:\/\/rednacionaldearte.com\/noticias\/wp-json\/wp\/v2\/media?parent=174"}],"curies":[{"name":"wp","href":"https:\/\/api.w.org\/{rel}","templated":true}]}}