{"id":186,"date":"2016-07-31T00:13:48","date_gmt":"2016-07-31T00:13:48","guid":{"rendered":"http:\/\/rednacionaldearte.com\/noticias\/?page_id=186"},"modified":"2020-08-27T03:03:52","modified_gmt":"2020-08-27T03:03:52","slug":"pago-de-inscripcion-fest-videodanza-cdmx","status":"publish","type":"page","link":"http:\/\/rednacionaldearte.com\/noticias\/pago-de-inscripcion-fest-videodanza-cdmx\/","title":{"rendered":"Pago de Inscripci\u00f3n: Festival Internacional de Videodanza de la CDMX"},"content":{"rendered":"<form action=\"https:\/\/www.paypal.com\/cgi-bin\/webscr\" method=\"post\" target=\"_top\">\n<h2><input name=\"cmd\" type=\"hidden\" value=\"_s-xclick\" \/>1. Pago Online con tarjeta de Cr\u00e9dito o Paypal:<\/h2>\n<p><input name=\"hosted_button_id\" type=\"hidden\" value=\"9JEJTXRN9X628\" \/><\/p>\n<table  class=\" table table-hover\" >\n<tbody>\n<tr>\n<td><input name=\"on0\" type=\"hidden\" value=\"T\u00edtulo de la videodanza\" \/>T\u00edtulo de la videodanza<\/td>\n<\/tr>\n<tr>\n<td><input maxlength=\"200\" name=\"os0\" type=\"text\" \/><\/td>\n<\/tr>\n<tr>\n<td><input name=\"on1\" type=\"hidden\" value=\"Nombre comp. de Representante\" \/>Nombre comp. de Representante<\/td>\n<\/tr>\n<tr>\n<td><input maxlength=\"200\" name=\"os1\" type=\"text\" \/><\/td>\n<\/tr>\n<\/tbody>\n<\/table>\n<p><input alt=\"PayPal, la forma m\u00e1s segura y r\u00e1pida de pagar en l\u00ednea.\" name=\"submit\" src=\"https:\/\/www.paypalobjects.com\/es_XC\/MX\/i\/btn\/btn_paynowCC_LG.gif\" type=\"image\" \/><br \/>\n<img loading=\"lazy\" decoding=\"async\" src=\"https:\/\/www.paypalobjects.com\/es_XC\/i\/scr\/pixel.gif\" alt=\"\" width=\"1\" height=\"1\" border=\"0\" \/><\/p>\n<h2>2. Pago en Tiendas\u00a0OXXO o Bancos:<\/h2>\n<p class=\"p1\"><span class=\"s1\">Por favor acuda al banco o realice un dep\u00f3sito en cajas de cualquier tienda OXXO a la tarjeta n\u00famero \u201c4152 3136 9472 3656\u201d. <\/span><span class=\"s1\">Le pedimos por favor que en caso de elegir esta opci\u00f3n, nos\u00a0haga llegar el comprobante escaneado o fotografiado a festivalvideodanza@rednacionaldearte.com.<\/span><\/p>\n<\/form>\n","protected":false},"excerpt":{"rendered":"<p>1. Pago Online con tarjeta de Cr\u00e9dito o Paypal: T\u00edtulo de la videodanza Nombre comp. de Representante 2. Pago en Tiendas\u00a0OXXO o Bancos: Por favor acuda al banco o realice un dep\u00f3sito en cajas de cualquier tienda OXXO a la tarjeta n\u00famero \u201c4152 3136 9472 3656\u201d. Le pedimos por favor que en caso de elegir [&hellip;]<\/p>\n","protected":false},"author":1,"featured_media":0,"parent":0,"menu_order":0,"comment_status":"closed","ping_status":"closed","template":"","meta":{"footnotes":""},"class_list":["post-186","page","type-page","status-publish","hentry"],"yoast_head":"<!-- This site is optimized with the Yoast SEO plugin v27.2 - https:\/\/yoast.com\/product\/yoast-seo-wordpress\/ -->\n<title>Pago de Inscripci\u00f3n: Festival Internacional de Videodanza de la CDMX - Red Nacional de Arte<\/title>\n<meta name=\"robots\" content=\"index, follow, max-snippet:-1, max-image-preview:large, max-video-preview:-1\" \/>\n<link rel=\"canonical\" href=\"http:\/\/rednacionaldearte.com\/noticias\/pago-de-inscripcion-fest-videodanza-cdmx\/\" \/>\n<meta property=\"og:locale\" content=\"es_ES\" \/>\n<meta property=\"og:type\" content=\"article\" \/>\n<meta property=\"og:title\" content=\"Pago de Inscripci\u00f3n: Festival Internacional de Videodanza de la CDMX - Red Nacional de Arte\" \/>\n<meta property=\"og:description\" content=\"1. Pago Online con tarjeta de Cr\u00e9dito o Paypal: T\u00edtulo de la videodanza Nombre comp. de Representante 2. Pago en Tiendas\u00a0OXXO o Bancos: Por favor acuda al banco o realice un dep\u00f3sito en cajas de cualquier tienda OXXO a la tarjeta n\u00famero \u201c4152 3136 9472 3656\u201d. Le pedimos por favor que en caso de elegir [&hellip;]\" \/>\n<meta property=\"og:url\" content=\"http:\/\/rednacionaldearte.com\/noticias\/pago-de-inscripcion-fest-videodanza-cdmx\/\" \/>\n<meta property=\"og:site_name\" content=\"Red Nacional de Arte\" \/>\n<meta property=\"article:publisher\" content=\"http:\/\/www.facebook.com\/rednacionaldearte\/\" \/>\n<meta property=\"article:modified_time\" content=\"2020-08-27T03:03:52+00:00\" \/>\n<meta property=\"og:image\" content=\"https:\/\/www.paypalobjects.com\/es_XC\/i\/scr\/pixel.gif\" \/>\n<meta name=\"twitter:card\" content=\"summary_large_image\" \/>\n<meta name=\"twitter:site\" content=\"@rednacionalarte\" \/>\n<script type=\"application\/ld+json\" class=\"yoast-schema-graph\">{\"@context\":\"https:\/\/schema.org\",\"@graph\":[{\"@type\":\"WebPage\",\"@id\":\"http:\/\/rednacionaldearte.com\/noticias\/pago-de-inscripcion-fest-videodanza-cdmx\/\",\"url\":\"http:\/\/rednacionaldearte.com\/noticias\/pago-de-inscripcion-fest-videodanza-cdmx\/\",\"name\":\"Pago de Inscripci\u00f3n: Festival Internacional de Videodanza de la CDMX - Red Nacional de Arte\",\"isPartOf\":{\"@id\":\"http:\/\/rednacionaldearte.com\/noticias\/#website\"},\"primaryImageOfPage\":{\"@id\":\"http:\/\/rednacionaldearte.com\/noticias\/pago-de-inscripcion-fest-videodanza-cdmx\/#primaryimage\"},\"image\":{\"@id\":\"http:\/\/rednacionaldearte.com\/noticias\/pago-de-inscripcion-fest-videodanza-cdmx\/#primaryimage\"},\"thumbnailUrl\":\"https:\/\/www.paypalobjects.com\/es_XC\/i\/scr\/pixel.gif\",\"datePublished\":\"2016-07-31T00:13:48+00:00\",\"dateModified\":\"2020-08-27T03:03:52+00:00\",\"breadcrumb\":{\"@id\":\"http:\/\/rednacionaldearte.com\/noticias\/pago-de-inscripcion-fest-videodanza-cdmx\/#breadcrumb\"},\"inLanguage\":\"es\",\"potentialAction\":[{\"@type\":\"ReadAction\",\"target\":[\"http:\/\/rednacionaldearte.com\/noticias\/pago-de-inscripcion-fest-videodanza-cdmx\/\"]}]},{\"@type\":\"ImageObject\",\"inLanguage\":\"es\",\"@id\":\"http:\/\/rednacionaldearte.com\/noticias\/pago-de-inscripcion-fest-videodanza-cdmx\/#primaryimage\",\"url\":\"https:\/\/www.paypalobjects.com\/es_XC\/i\/scr\/pixel.gif\",\"contentUrl\":\"https:\/\/www.paypalobjects.com\/es_XC\/i\/scr\/pixel.gif\"},{\"@type\":\"BreadcrumbList\",\"@id\":\"http:\/\/rednacionaldearte.com\/noticias\/pago-de-inscripcion-fest-videodanza-cdmx\/#breadcrumb\",\"itemListElement\":[{\"@type\":\"ListItem\",\"position\":1,\"name\":\"Home\",\"item\":\"http:\/\/rednacionaldearte.com\/noticias\/\"},{\"@type\":\"ListItem\",\"position\":2,\"name\":\"Pago de Inscripci\u00f3n: Festival Internacional de Videodanza de la CDMX\"}]},{\"@type\":\"WebSite\",\"@id\":\"http:\/\/rednacionaldearte.com\/noticias\/#website\",\"url\":\"http:\/\/rednacionaldearte.com\/noticias\/\",\"name\":\"Red Nacional de Arte\",\"description\":\"Cultura y Arte contempor\u00e1neo en M\u00e9xico\",\"publisher\":{\"@id\":\"http:\/\/rednacionaldearte.com\/noticias\/#organization\"},\"potentialAction\":[{\"@type\":\"SearchAction\",\"target\":{\"@type\":\"EntryPoint\",\"urlTemplate\":\"http:\/\/rednacionaldearte.com\/noticias\/?s={search_term_string}\"},\"query-input\":{\"@type\":\"PropertyValueSpecification\",\"valueRequired\":true,\"valueName\":\"search_term_string\"}}],\"inLanguage\":\"es\"},{\"@type\":\"Organization\",\"@id\":\"http:\/\/rednacionaldearte.com\/noticias\/#organization\",\"name\":\"Red Nacional de Arte\",\"url\":\"http:\/\/rednacionaldearte.com\/noticias\/\",\"logo\":{\"@type\":\"ImageObject\",\"inLanguage\":\"es\",\"@id\":\"http:\/\/rednacionaldearte.com\/noticias\/#\/schema\/logo\/image\/\",\"url\":\"http:\/\/rednacionaldearte.com\/noticias\/wp-content\/uploads\/2016\/04\/logo.png\",\"contentUrl\":\"http:\/\/rednacionaldearte.com\/noticias\/wp-content\/uploads\/2016\/04\/logo.png\",\"width\":575,\"height\":554,\"caption\":\"Red Nacional de Arte\"},\"image\":{\"@id\":\"http:\/\/rednacionaldearte.com\/noticias\/#\/schema\/logo\/image\/\"},\"sameAs\":[\"http:\/\/www.facebook.com\/rednacionaldearte\/\",\"https:\/\/x.com\/rednacionalarte\"]}]}<\/script>\n<!-- \/ Yoast SEO plugin. -->","yoast_head_json":{"title":"Pago de Inscripci\u00f3n: Festival Internacional de Videodanza de la CDMX - Red Nacional de Arte","robots":{"index":"index","follow":"follow","max-snippet":"max-snippet:-1","max-image-preview":"max-image-preview:large","max-video-preview":"max-video-preview:-1"},"canonical":"http:\/\/rednacionaldearte.com\/noticias\/pago-de-inscripcion-fest-videodanza-cdmx\/","og_locale":"es_ES","og_type":"article","og_title":"Pago de Inscripci\u00f3n: Festival Internacional de Videodanza de la CDMX - Red Nacional de Arte","og_description":"1. Pago Online con tarjeta de Cr\u00e9dito o Paypal: T\u00edtulo de la videodanza Nombre comp. de Representante 2. Pago en Tiendas\u00a0OXXO o Bancos: Por favor acuda al banco o realice un dep\u00f3sito en cajas de cualquier tienda OXXO a la tarjeta n\u00famero \u201c4152 3136 9472 3656\u201d. Le pedimos por favor que en caso de elegir [&hellip;]","og_url":"http:\/\/rednacionaldearte.com\/noticias\/pago-de-inscripcion-fest-videodanza-cdmx\/","og_site_name":"Red Nacional de Arte","article_publisher":"http:\/\/www.facebook.com\/rednacionaldearte\/","article_modified_time":"2020-08-27T03:03:52+00:00","og_image":[{"url":"https:\/\/www.paypalobjects.com\/es_XC\/i\/scr\/pixel.gif","type":"","width":"","height":""}],"twitter_card":"summary_large_image","twitter_site":"@rednacionalarte","schema":{"@context":"https:\/\/schema.org","@graph":[{"@type":"WebPage","@id":"http:\/\/rednacionaldearte.com\/noticias\/pago-de-inscripcion-fest-videodanza-cdmx\/","url":"http:\/\/rednacionaldearte.com\/noticias\/pago-de-inscripcion-fest-videodanza-cdmx\/","name":"Pago de Inscripci\u00f3n: Festival Internacional de Videodanza de la CDMX - Red Nacional de Arte","isPartOf":{"@id":"http:\/\/rednacionaldearte.com\/noticias\/#website"},"primaryImageOfPage":{"@id":"http:\/\/rednacionaldearte.com\/noticias\/pago-de-inscripcion-fest-videodanza-cdmx\/#primaryimage"},"image":{"@id":"http:\/\/rednacionaldearte.com\/noticias\/pago-de-inscripcion-fest-videodanza-cdmx\/#primaryimage"},"thumbnailUrl":"https:\/\/www.paypalobjects.com\/es_XC\/i\/scr\/pixel.gif","datePublished":"2016-07-31T00:13:48+00:00","dateModified":"2020-08-27T03:03:52+00:00","breadcrumb":{"@id":"http:\/\/rednacionaldearte.com\/noticias\/pago-de-inscripcion-fest-videodanza-cdmx\/#breadcrumb"},"inLanguage":"es","potentialAction":[{"@type":"ReadAction","target":["http:\/\/rednacionaldearte.com\/noticias\/pago-de-inscripcion-fest-videodanza-cdmx\/"]}]},{"@type":"ImageObject","inLanguage":"es","@id":"http:\/\/rednacionaldearte.com\/noticias\/pago-de-inscripcion-fest-videodanza-cdmx\/#primaryimage","url":"https:\/\/www.paypalobjects.com\/es_XC\/i\/scr\/pixel.gif","contentUrl":"https:\/\/www.paypalobjects.com\/es_XC\/i\/scr\/pixel.gif"},{"@type":"BreadcrumbList","@id":"http:\/\/rednacionaldearte.com\/noticias\/pago-de-inscripcion-fest-videodanza-cdmx\/#breadcrumb","itemListElement":[{"@type":"ListItem","position":1,"name":"Home","item":"http:\/\/rednacionaldearte.com\/noticias\/"},{"@type":"ListItem","position":2,"name":"Pago de Inscripci\u00f3n: Festival Internacional de Videodanza de la CDMX"}]},{"@type":"WebSite","@id":"http:\/\/rednacionaldearte.com\/noticias\/#website","url":"http:\/\/rednacionaldearte.com\/noticias\/","name":"Red Nacional de Arte","description":"Cultura y Arte contempor\u00e1neo en M\u00e9xico","publisher":{"@id":"http:\/\/rednacionaldearte.com\/noticias\/#organization"},"potentialAction":[{"@type":"SearchAction","target":{"@type":"EntryPoint","urlTemplate":"http:\/\/rednacionaldearte.com\/noticias\/?s={search_term_string}"},"query-input":{"@type":"PropertyValueSpecification","valueRequired":true,"valueName":"search_term_string"}}],"inLanguage":"es"},{"@type":"Organization","@id":"http:\/\/rednacionaldearte.com\/noticias\/#organization","name":"Red Nacional de Arte","url":"http:\/\/rednacionaldearte.com\/noticias\/","logo":{"@type":"ImageObject","inLanguage":"es","@id":"http:\/\/rednacionaldearte.com\/noticias\/#\/schema\/logo\/image\/","url":"http:\/\/rednacionaldearte.com\/noticias\/wp-content\/uploads\/2016\/04\/logo.png","contentUrl":"http:\/\/rednacionaldearte.com\/noticias\/wp-content\/uploads\/2016\/04\/logo.png","width":575,"height":554,"caption":"Red Nacional de Arte"},"image":{"@id":"http:\/\/rednacionaldearte.com\/noticias\/#\/schema\/logo\/image\/"},"sameAs":["http:\/\/www.facebook.com\/rednacionaldearte\/","https:\/\/x.com\/rednacionalarte"]}]}},"amp_validity":null,"amp_enabled":true,"_links":{"self":[{"href":"http:\/\/rednacionaldearte.com\/noticias\/wp-json\/wp\/v2\/pages\/186","targetHints":{"allow":["GET"]}}],"collection":[{"href":"http:\/\/rednacionaldearte.com\/noticias\/wp-json\/wp\/v2\/pages"}],"about":[{"href":"http:\/\/rednacionaldearte.com\/noticias\/wp-json\/wp\/v2\/types\/page"}],"author":[{"embeddable":true,"href":"http:\/\/rednacionaldearte.com\/noticias\/wp-json\/wp\/v2\/users\/1"}],"replies":[{"embeddable":true,"href":"http:\/\/rednacionaldearte.com\/noticias\/wp-json\/wp\/v2\/comments?post=186"}],"version-history":[{"count":5,"href":"http:\/\/rednacionaldearte.com\/noticias\/wp-json\/wp\/v2\/pages\/186\/revisions"}],"predecessor-version":[{"id":4533,"href":"http:\/\/rednacionaldearte.com\/noticias\/wp-json\/wp\/v2\/pages\/186\/revisions\/4533"}],"wp:attachment":[{"href":"http:\/\/rednacionaldearte.com\/noticias\/wp-json\/wp\/v2\/media?parent=186"}],"curies":[{"name":"wp","href":"https:\/\/api.w.org\/{rel}","templated":true}]}}