{"id":26,"date":"2016-07-11T20:37:16","date_gmt":"2016-07-11T20:37:16","guid":{"rendered":"http:\/\/rednacionaldearte.com\/tienda\/?page_id=26"},"modified":"2016-07-12T09:59:49","modified_gmt":"2016-07-12T09:59:49","slug":"categorias","status":"publish","type":"page","link":"https:\/\/rednacionaldearte.com\/tienda\/categorias\/","title":{"rendered":"Categor\u00edas"},"content":{"rendered":"<table style=\"padding-left: 30px;\" border=\"0\">\n<tbody>\n<tr>\n<td>\n<h2><a href=\"https:\/\/rednacionaldearte.com\/tienda\/productos\/cursos\/\">Cursos<\/a><\/h2>\n<p><a href=\"https:\/\/rednacionaldearte.com\/tienda\/productos\/cursos\/cursos-online\/\">Cursos Online<\/a><\/td>\n<td>\n<h2 style=\"padding-left: 30px;\"><a href=\"https:\/\/rednacionaldearte.com\/tienda\/productos\/escultura\/\">Escultura<\/a><\/h2>\n<p>&nbsp;<\/td>\n<td>\n<h2 style=\"padding-left: 30px;\"><a href=\"https:\/\/rednacionaldearte.com\/tienda\/productos\/diseno\/\">Dise\u00f1o<\/a><\/h2>\n<p>&nbsp;<\/td>\n<td>\n<h2 style=\"padding-left: 30px;\"><a href=\"https:\/\/rednacionaldearte.com\/tienda\/productos\/indumentaria\/\">Indumentaria<\/a><\/h2>\n<p>&nbsp;<\/td>\n<\/tr>\n<tr>\n<td>\n<h2><a href=\"https:\/\/rednacionaldearte.com\/tienda\/productos\/fotografia\/\">Fotograf\u00eda<\/a><\/h2>\n<p><a href=\"https:\/\/rednacionaldearte.com\/tienda\/productos\/fotografia\/prints\/\">Prints<\/a><\/p>\n<p><a href=\"https:\/\/rednacionaldearte.com\/tienda\/productos\/fotografia\/quimicos-para-fotografia\/\">Qu\u00edmicos para fotograf\u00eda an\u00e1loga<\/a><\/td>\n<td>\n<h2 style=\"padding-left: 30px;\"><a href=\"https:\/\/rednacionaldearte.com\/tienda\/productos\/grabado\/\">Grabado<br \/>\n<\/a><\/h2>\n<p>&nbsp;<\/p>\n<p>&nbsp;<\/td>\n<td>\n<h2 style=\"padding-left: 30px;\"><a href=\"https:\/\/rednacionaldearte.com\/tienda\/productos\/cine\/\">Cine<\/a><\/h2>\n<p>&nbsp;<\/p>\n<p>&nbsp;<\/td>\n<td>\n<h2 style=\"padding-left: 30px;\"><a href=\"https:\/\/rednacionaldearte.com\/tienda\/productos\/otros\/\">Otros<\/a><\/h2>\n<p>&nbsp;<\/p>\n<p>&nbsp;<\/td>\n<\/tr>\n<tr>\n<td>\n<h2><a href=\"https:\/\/rednacionaldearte.com\/tienda\/productos\/libros\/\">Libros<\/a><\/h2>\n<p><a href=\"https:\/\/rednacionaldearte.com\/tienda\/productos\/libros\/catalogos\/\">Cat\u00e1logos<\/a><\/p>\n<p><a href=\"https:\/\/rednacionaldearte.com\/tienda\/productos\/libros\/revistas\/\">Revistas<\/a><\/td>\n<td>\n<h2 style=\"padding-left: 30px;\"><a href=\"https:\/\/rednacionaldearte.com\/tienda\/productos\/pintura\/\">Pintura<\/a><\/h2>\n<p>&nbsp;<\/p>\n<p>&nbsp;<\/td>\n<td>\n<h2 style=\"padding-left: 30px;\"><a href=\"https:\/\/rednacionaldearte.com\/tienda\/productos\/collage\/\">Collage<\/a><\/h2>\n<p>&nbsp;<\/p>\n<p>&nbsp;<\/td>\n<td><\/td>\n<\/tr>\n<\/tbody>\n<\/table>\n","protected":false},"excerpt":{"rendered":"<p>Cursos Cursos Online Escultura &nbsp; Dise\u00f1o &nbsp; Indumentaria &nbsp; Fotograf\u00eda Prints Qu\u00edmicos para fotograf\u00eda an\u00e1loga Grabado &nbsp; &nbsp; Cine &nbsp; &nbsp; Otros &nbsp; &nbsp; Libros Cat\u00e1logos Revistas Pintura &nbsp; &nbsp; Collage &nbsp; &nbsp;<\/p>\n","protected":false},"author":1,"featured_media":0,"parent":0,"menu_order":0,"comment_status":"closed","ping_status":"closed","template":"","meta":{"footnotes":""},"class_list":["post-26","page","type-page","status-publish","hentry"],"jetpack_sharing_enabled":true,"_links":{"self":[{"href":"https:\/\/rednacionaldearte.com\/tienda\/wp-json\/wp\/v2\/pages\/26","targetHints":{"allow":["GET"]}}],"collection":[{"href":"https:\/\/rednacionaldearte.com\/tienda\/wp-json\/wp\/v2\/pages"}],"about":[{"href":"https:\/\/rednacionaldearte.com\/tienda\/wp-json\/wp\/v2\/types\/page"}],"author":[{"embeddable":true,"href":"https:\/\/rednacionaldearte.com\/tienda\/wp-json\/wp\/v2\/users\/1"}],"replies":[{"embeddable":true,"href":"https:\/\/rednacionaldearte.com\/tienda\/wp-json\/wp\/v2\/comments?post=26"}],"version-history":[{"count":10,"href":"https:\/\/rednacionaldearte.com\/tienda\/wp-json\/wp\/v2\/pages\/26\/revisions"}],"predecessor-version":[{"id":105,"href":"https:\/\/rednacionaldearte.com\/tienda\/wp-json\/wp\/v2\/pages\/26\/revisions\/105"}],"wp:attachment":[{"href":"https:\/\/rednacionaldearte.com\/tienda\/wp-json\/wp\/v2\/media?parent=26"}],"curies":[{"name":"wp","href":"https:\/\/api.w.org\/{rel}","templated":true}]}}