{"id":138,"date":"2016-08-07T19:15:23","date_gmt":"2016-08-07T19:15:23","guid":{"rendered":"http:\/\/rednacionaldearte.com\/tienda\/?post_type=product&#038;p=138"},"modified":"2020-04-24T19:38:26","modified_gmt":"2020-04-24T19:38:26","slug":"kapitalism-jose-quintero-brain-in-clouds","status":"publish","type":"product","link":"https:\/\/rednacionaldearte.com\/tienda\/producto\/kapitalism-jose-quintero-brain-in-clouds\/","title":{"rendered":"Kapitalism, de Jos\u00e9 Quintero (Brain in Clouds)"},"content":{"rendered":"<p>Playera de algod\u00f3n dise\u00f1ada por Jos\u00e9 Quintero. Producida por Brain in Clouds.<br \/>\nTallas disponibles: S, M, L.<\/p>\n","protected":false},"excerpt":{"rendered":"<p>Playera de algod\u00f3n dise\u00f1ada por Jos\u00e9 Quintero. Producida por Brain in Clouds.<br \/>\nTallas disponibles: S, M, L.<\/p>\n","protected":false},"featured_media":139,"comment_status":"open","ping_status":"closed","template":"","meta":[],"product_brand":[],"product_cat":[41,49],"product_tag":[],"class_list":{"0":"post-138","1":"product","2":"type-product","3":"status-publish","4":"has-post-thumbnail","6":"product_cat-indumentaria","7":"product_cat-playeras","9":"first","10":"outofstock","11":"shipping-taxable","12":"purchasable","13":"product-type-simple"},"jetpack_sharing_enabled":true,"_links":{"self":[{"href":"https:\/\/rednacionaldearte.com\/tienda\/wp-json\/wp\/v2\/product\/138","targetHints":{"allow":["GET"]}}],"collection":[{"href":"https:\/\/rednacionaldearte.com\/tienda\/wp-json\/wp\/v2\/product"}],"about":[{"href":"https:\/\/rednacionaldearte.com\/tienda\/wp-json\/wp\/v2\/types\/product"}],"replies":[{"embeddable":true,"href":"https:\/\/rednacionaldearte.com\/tienda\/wp-json\/wp\/v2\/comments?post=138"}],"wp:featuredmedia":[{"embeddable":true,"href":"https:\/\/rednacionaldearte.com\/tienda\/wp-json\/wp\/v2\/media\/139"}],"wp:attachment":[{"href":"https:\/\/rednacionaldearte.com\/tienda\/wp-json\/wp\/v2\/media?parent=138"}],"wp:term":[{"taxonomy":"product_brand","embeddable":true,"href":"https:\/\/rednacionaldearte.com\/tienda\/wp-json\/wp\/v2\/product_brand?post=138"},{"taxonomy":"product_cat","embeddable":true,"href":"https:\/\/rednacionaldearte.com\/tienda\/wp-json\/wp\/v2\/product_cat?post=138"},{"taxonomy":"product_tag","embeddable":true,"href":"https:\/\/rednacionaldearte.com\/tienda\/wp-json\/wp\/v2\/product_tag?post=138"}],"curies":[{"name":"wp","href":"https:\/\/api.w.org\/{rel}","templated":true}]}}