{"id":1399,"date":"2022-02-22T05:33:16","date_gmt":"2022-02-22T05:33:16","guid":{"rendered":"https:\/\/rednacionaldearte.com\/tienda\/?post_type=product&#038;p=1399"},"modified":"2022-03-24T00:23:25","modified_gmt":"2022-03-24T00:23:25","slug":"taller-direccion-actores-cine","status":"publish","type":"product","link":"https:\/\/rednacionaldearte.com\/tienda\/producto\/taller-direccion-actores-cine\/","title":{"rendered":"Taller de Direcci\u00f3n de Actores para Cine"},"content":{"rendered":"<p><strong>Dirigir actores en el mundo actual. Un taller con Catalina Rodr\u00edguez Ramos.<\/strong><\/p>\n<p>Presentado por el Festival de Cine Independiente de la Ciudad de M\u00e9xico y Red Nacional de Arte en colaboraci\u00f3n con la Escuela Superior de Cine (ESCINE).<\/p>\n<p>&nbsp;<\/p>\n<p><strong>Sesiones:<\/strong><\/p>\n<p>\u00b7 Lunes 14 de marzo<br \/>\n\u00b7 Mi\u00e9rcoles 16 de marzo<br \/>\n\u00b7 Lunes 21 de marzo<br \/>\n\u00b7 Mi\u00e9rcoles 23 de marzo<\/p>\n<p><strong>El taller se llevar\u00e1 a cabo de manera virtual en un horario de 18 a 20 horas.<\/strong><\/p>\n<p>Este taller tiene como objetivo dotar al director de herramientas de ana\u0301lisis y de direccio\u0301n de actores que le permitan tomar las decisiones adecuadas para el casting, ensayos y rodaje de cada una de sus historias. Esto le posibilita la creacio\u0301n consciente y auto\u0301noma de estrategias que le faciliten sacar el mayor aprovechamiento de la interpretacio\u0301n de su elenco.<\/p>\n<p>Todas las sesiones se grabar\u00e1n y los links se proporcionar\u00e1n a lxs participantes para su descarga, con la intenci\u00f3n de que no pierdan tiempo grabando desde sus dispositivos y aprovechen el taller al m\u00e1ximo.<\/p>\n<p>M\u00e1s informaci\u00f3n en https:\/\/festivalcineindependiente.com\/direcciondeactores\/<\/p>\n","protected":false},"excerpt":{"rendered":"<p><strong>Dirigir actores en el mundo actual. Un taller con Catalina Rodr\u00edguez Ramos.<\/strong><\/p>\n<p>Presentado por el Festival de Cine Independiente de la Ciudad de M\u00e9xico y Red Nacional de Arte en colaboraci\u00f3n con la Escuela Superior de Cine (ESCINE).<\/p>\n<p><img loading=\"lazy\" decoding=\"async\" class=\"alignnone wp-image-1401\" src=\"https:\/\/rednacionaldearte.com\/tienda\/wp-content\/uploads\/2022\/02\/escine-logo-300x103.png\" alt=\"\" width=\"102\" height=\"35\" srcset=\"https:\/\/rednacionaldearte.com\/tienda\/wp-content\/uploads\/2022\/02\/escine-logo-300x103.png 300w, https:\/\/rednacionaldearte.com\/tienda\/wp-content\/uploads\/2022\/02\/escine-logo-600x207.png 600w, https:\/\/rednacionaldearte.com\/tienda\/wp-content\/uploads\/2022\/02\/escine-logo.png 703w\" sizes=\"auto, (max-width: 102px) 100vw, 102px\" \/><\/p>\n<p>&nbsp;<\/p>\n<p><strong>Sesiones:<\/strong><\/p>\n<p>\u00b7 Lunes 14 de marzo<br \/>\n\u00b7 Mi\u00e9rcoles 16 de marzo<br \/>\n\u00b7 Lunes 21 de marzo<br \/>\n\u00b7 Mi\u00e9rcoles 23 de marzo<\/p>\n<p><strong>El taller se llevar\u00e1 a cabo de manera virtual en un horario de 18 a 20 horas.<\/strong><\/p>\n<p>Este taller tiene como objetivo dotar al director de herramientas de ana\u0301lisis y de direccio\u0301n de actores que le permitan tomar las decisiones adecuadas para el casting, ensayos y rodaje de cada una de sus historias. Esto le posibilita la creacio\u0301n consciente y auto\u0301noma de estrategias que le faciliten sacar el mayor aprovechamiento de la interpretacio\u0301n de su elenco.<\/p>\n<p>Todas las sesiones se grabar\u00e1n y los links se proporcionar\u00e1n a lxs participantes para su descarga, con la intenci\u00f3n de que no pierdan tiempo grabando desde sus dispositivos y aprovechen el taller al m\u00e1ximo.<\/p>\n<p>M\u00e1s informaci\u00f3n en https:\/\/festivalcineindependiente.com\/direcciondeactores\/<\/p>\n","protected":false},"featured_media":1400,"comment_status":"open","ping_status":"closed","template":"","meta":[],"product_brand":[],"product_cat":[39,6,7],"product_tag":[155,150,151],"class_list":{"0":"post-1399","1":"product","2":"type-product","3":"status-publish","4":"has-post-thumbnail","6":"product_cat-cine","7":"product_cat-cursos","8":"product_cat-cursos-online","9":"product_tag-catalina-rodriguez","10":"product_tag-fecimx","11":"product_tag-festival-de-cine-independiente-de-la-cdmx","13":"first","14":"outofstock","15":"virtual","16":"purchasable","17":"product-type-simple"},"jetpack_sharing_enabled":true,"_links":{"self":[{"href":"https:\/\/rednacionaldearte.com\/tienda\/wp-json\/wp\/v2\/product\/1399","targetHints":{"allow":["GET"]}}],"collection":[{"href":"https:\/\/rednacionaldearte.com\/tienda\/wp-json\/wp\/v2\/product"}],"about":[{"href":"https:\/\/rednacionaldearte.com\/tienda\/wp-json\/wp\/v2\/types\/product"}],"replies":[{"embeddable":true,"href":"https:\/\/rednacionaldearte.com\/tienda\/wp-json\/wp\/v2\/comments?post=1399"}],"wp:featuredmedia":[{"embeddable":true,"href":"https:\/\/rednacionaldearte.com\/tienda\/wp-json\/wp\/v2\/media\/1400"}],"wp:attachment":[{"href":"https:\/\/rednacionaldearte.com\/tienda\/wp-json\/wp\/v2\/media?parent=1399"}],"wp:term":[{"taxonomy":"product_brand","embeddable":true,"href":"https:\/\/rednacionaldearte.com\/tienda\/wp-json\/wp\/v2\/product_brand?post=1399"},{"taxonomy":"product_cat","embeddable":true,"href":"https:\/\/rednacionaldearte.com\/tienda\/wp-json\/wp\/v2\/product_cat?post=1399"},{"taxonomy":"product_tag","embeddable":true,"href":"https:\/\/rednacionaldearte.com\/tienda\/wp-json\/wp\/v2\/product_tag?post=1399"}],"curies":[{"name":"wp","href":"https:\/\/api.w.org\/{rel}","templated":true}]}}