{"id":1487,"date":"2022-06-12T02:59:06","date_gmt":"2022-06-12T02:59:06","guid":{"rendered":"https:\/\/rednacionaldearte.com\/tienda\/?post_type=product&#038;p=1487"},"modified":"2022-06-30T02:03:54","modified_gmt":"2022-06-30T02:03:54","slug":"taller-julian-herbert","status":"publish","type":"product","link":"https:\/\/rednacionaldearte.com\/tienda\/producto\/taller-julian-herbert\/","title":{"rendered":"Taller de Escritura Creativa con Julian Herbert"},"content":{"rendered":"<p><strong>Formas para desgarrar el mundo. Un taller con Juli\u00e1n Herbert.<\/strong><\/p>\n<p>&nbsp;<\/p>\n<p><strong>* El costo de inscripci\u00f3n incluye un ejemplar del libro, por favor proporciona tu direcci\u00f3n postal en la p\u00e1gina de pago (env\u00edos s\u00f3lo a M\u00e9xico).<\/strong><\/p>\n<p>&nbsp;<\/p>\n<p>&nbsp;<\/p>\n<p>Presentado por Red Nacional de Arte en colaboraci\u00f3n con Penguin Random House.<\/p>\n<p><strong>Sesiones:<\/strong><\/p>\n<p>\u00b7 29 de junio de 2022<br \/>\n\u00b7 6 de julio de 2022<br \/>\n\u00b7 13 de julio de 2022<\/p>\n<p><strong>El taller se llevar\u00e1 a cabo de manera virtual en un horario de 18 a 20 horas.<\/strong><\/p>\n<p>El taller se dedicar\u00e1 a explorar herramientas para la escritura creativa a partir de la noci\u00f3n de est\u00e9tica residual (lo infraordinario, los no-lugares, los espacios hist\u00f3ricos re-significados, los desechos como materia de expresi\u00f3n, etc.); y la noci\u00f3n de la memoria como territorio (como territorio personal y como territorio hist\u00f3rico). Se leer\u00e1 y escribir\u00e1 a partir de temas como la est\u00e9tica, el residuo, la memoria y el territorio, cruz\u00e1ndolos con narrativas\/escrituras simb\u00f3licas como el tarot y la cultura pop.<\/p>\n<p>Todas las sesiones se grabar\u00e1n y los links se proporcionar\u00e1n a lxs participantes para su descarga, con la intenci\u00f3n de que no pierdan tiempo grabando desde sus dispositivos y aprovechen el taller al m\u00e1ximo.<\/p>\n<p>M\u00e1s informaci\u00f3n en https:\/\/rednacionaldearte.com\/julianherbert\/<\/p>\n","protected":false},"excerpt":{"rendered":"<p><strong>Formas para desgarrar el mundo. Un taller con Juli\u00e1n Herbert.<\/strong><\/p>\n<p>&nbsp;<\/p>\n<p><strong>* El costo de inscripci\u00f3n incluye un ejemplar del libro, por favor proporciona tu direcci\u00f3n postal en la p\u00e1gina de pago (env\u00edos s\u00f3lo a M\u00e9xico).<\/strong><\/p>\n<p>&nbsp;<\/p>\n<p>Presentado por Red Nacional de Arte en colaboraci\u00f3n con Penguin Random House.<\/p>\n<p><strong>Sesiones:<\/strong><\/p>\n<p>\u00b7 29 de junio de 2022<br \/>\n\u00b7 6 de julio de 2022<br \/>\n\u00b7 13 de julio de 2022<\/p>\n<p><strong>El taller se llevar\u00e1 a cabo de manera virtual en un horario de 18 a 20 horas.<\/strong><\/p>\n<p>El taller se dedicar\u00e1 a explorar herramientas para la escritura creativa a partir de la noci\u00f3n de est\u00e9tica residual (lo infraordinario, los no-lugares, los espacios hist\u00f3ricos re-significados, los desechos como materia de expresi\u00f3n, etc.); y la noci\u00f3n de la memoria como territorio (como territorio personal y como territorio hist\u00f3rico). Se leer\u00e1 y escribir\u00e1 a partir de temas como la est\u00e9tica, el residuo, la memoria y el territorio, cruz\u00e1ndolos con narrativas\/escrituras simb\u00f3licas como el tarot y la cultura pop.<\/p>\n<p>Todas las sesiones se grabar\u00e1n y los links se proporcionar\u00e1n a lxs participantes para su descarga, con la intenci\u00f3n de que no pierdan tiempo grabando desde sus dispositivos y aprovechen el taller al m\u00e1ximo.<\/p>\n<p>M\u00e1s informaci\u00f3n en https:\/\/rednacionaldearte.com\/julianherbert\/<\/p>\n","protected":false},"featured_media":1488,"comment_status":"open","ping_status":"closed","template":"","meta":[],"product_brand":[],"product_cat":[6,7],"product_tag":[160],"class_list":{"0":"post-1487","1":"product","2":"type-product","3":"status-publish","4":"has-post-thumbnail","6":"product_cat-cursos","7":"product_cat-cursos-online","8":"product_tag-julian-herbert","10":"first","11":"outofstock","12":"virtual","13":"purchasable","14":"product-type-simple"},"jetpack_sharing_enabled":true,"_links":{"self":[{"href":"https:\/\/rednacionaldearte.com\/tienda\/wp-json\/wp\/v2\/product\/1487","targetHints":{"allow":["GET"]}}],"collection":[{"href":"https:\/\/rednacionaldearte.com\/tienda\/wp-json\/wp\/v2\/product"}],"about":[{"href":"https:\/\/rednacionaldearte.com\/tienda\/wp-json\/wp\/v2\/types\/product"}],"replies":[{"embeddable":true,"href":"https:\/\/rednacionaldearte.com\/tienda\/wp-json\/wp\/v2\/comments?post=1487"}],"wp:featuredmedia":[{"embeddable":true,"href":"https:\/\/rednacionaldearte.com\/tienda\/wp-json\/wp\/v2\/media\/1488"}],"wp:attachment":[{"href":"https:\/\/rednacionaldearte.com\/tienda\/wp-json\/wp\/v2\/media?parent=1487"}],"wp:term":[{"taxonomy":"product_brand","embeddable":true,"href":"https:\/\/rednacionaldearte.com\/tienda\/wp-json\/wp\/v2\/product_brand?post=1487"},{"taxonomy":"product_cat","embeddable":true,"href":"https:\/\/rednacionaldearte.com\/tienda\/wp-json\/wp\/v2\/product_cat?post=1487"},{"taxonomy":"product_tag","embeddable":true,"href":"https:\/\/rednacionaldearte.com\/tienda\/wp-json\/wp\/v2\/product_tag?post=1487"}],"curies":[{"name":"wp","href":"https:\/\/api.w.org\/{rel}","templated":true}]}}