{"id":16,"date":"2016-07-11T20:22:31","date_gmt":"2016-07-11T20:22:31","guid":{"rendered":"http:\/\/rednacionaldearte.com\/tienda\/?post_type=product&#038;p=16"},"modified":"2020-04-24T19:44:47","modified_gmt":"2020-04-24T19:44:47","slug":"curso-de-creacion-de-sitios-web-para-artistas-con-wordpress","status":"publish","type":"product","link":"https:\/\/rednacionaldearte.com\/tienda\/producto\/curso-de-creacion-de-sitios-web-para-artistas-con-wordpress\/","title":{"rendered":"Curso de Creaci\u00f3n de Sitios Web para Artistas con WordPress"},"content":{"rendered":"<p style=\"text-align: justify;\">La importancia de una p\u00e1gina web para un artista (sea novel, emergente o establecido) es indiscutible. Fot\u00f3grafos, artistas pl\u00e1sticos, m\u00fasicos, core\u00f3grafos, realizadores cinematogr\u00e1ficos, escultores, o de cualquier tipo, requieren que su figura y trabajo sean conocidos y accesibles desde cualquier parte del mundo, dejando atr\u00e1s las limitaciones como zonas horarias, lenguajes y formatos. La elaboraci\u00f3n de un sitio en internet ha dejado de ser algo sumamente complejo y costoso gracias al desarrollo de plataformas como WordPress, que permiten a los artistas llegar a soluciones eficaces sin tener que usar c\u00f3digo de programaci\u00f3n.<\/p>\n<p style=\"text-align: justify;\">El curso proporcionar\u00e1 los conocimientos requeridos para montar una p\u00e1gina de internet vers\u00e1til con dominio propio y correo electr\u00f3nico personalizado, tomando en consideraci\u00f3n la estructura usada en casos pr\u00e1cticos.<\/p>\n<p style=\"text-align: justify;\">El curso est\u00e1 dise\u00f1ado para ofrecer la misma calidad que en una modalidad presencial, pero con un horario flexible. El aula virtual se actualiza peri\u00f3dicamente con videos y herramientas, desbloqueando los niveles siguientes del programa progresivamente. Cada nivel cuenta con peque\u00f1os ex\u00e1menes que podr\u00e1n resolverse antes del t\u00e9rmino del curso, adem\u00e1s de ejercicios pr\u00e1cticos y los materiales necesarios para llevarlos a cabo. La atenci\u00f3n se da de manera personalizada a cada alumno mediante foros y correo electr\u00f3nico. Al finalizar, el profesor revisa los sitios generados por los alumnos, realizando observaciones y recomendaciones. Se entrega un certificado de participaci\u00f3n al t\u00e9rmino.<\/p>\n<p style=\"text-align: justify;\">M\u00e1s informaci\u00f3n y temario\u00a0<a href=\"http:\/\/rednacionaldearte.com\/noticias\/creacion-de-sitios-web-para-artistas-con-wordpress\/\" target=\"_blank\" rel=\"noopener\">aqu\u00ed<\/a>.<\/p>\n<p>&nbsp;<\/p>\n<p style=\"text-align: justify;\">\n","protected":false},"excerpt":{"rendered":"<p>La importancia de una p\u00e1gina web para un artista (sea novel, emergente o establecido) es indiscutible. Fot\u00f3grafos, artistas pl\u00e1sticos, m\u00fasicos, core\u00f3grafos, realizadores cinematogr\u00e1ficos, escultores, o de cualquier tipo, requieren que su figura y trabajo sean conocidos y accesibles desde cualquier parte del mundo, dejando atr\u00e1s las limitaciones como zonas horarias, lenguajes y formatos. La elaboraci\u00f3n de un sitio en internet ha dejado de ser algo sumamente complejo y costoso gracias al desarrollo de plataformas como WordPress, que permiten a los artistas llegar a soluciones eficaces sin tener que usar c\u00f3digo de programaci\u00f3n.<\/p>\n","protected":false},"featured_media":17,"comment_status":"open","ping_status":"closed","template":"","meta":[],"product_brand":[],"product_cat":[6,7],"product_tag":[8,9],"class_list":{"0":"post-16","1":"product","2":"type-product","3":"status-publish","4":"has-post-thumbnail","6":"product_cat-cursos","7":"product_cat-cursos-online","8":"product_tag-curso-de-creacion-de-paginas-web-para-artistas","9":"product_tag-wordpress","11":"first","12":"outofstock","13":"featured","14":"virtual","15":"purchasable","16":"product-type-simple"},"jetpack_sharing_enabled":true,"_links":{"self":[{"href":"https:\/\/rednacionaldearte.com\/tienda\/wp-json\/wp\/v2\/product\/16","targetHints":{"allow":["GET"]}}],"collection":[{"href":"https:\/\/rednacionaldearte.com\/tienda\/wp-json\/wp\/v2\/product"}],"about":[{"href":"https:\/\/rednacionaldearte.com\/tienda\/wp-json\/wp\/v2\/types\/product"}],"replies":[{"embeddable":true,"href":"https:\/\/rednacionaldearte.com\/tienda\/wp-json\/wp\/v2\/comments?post=16"}],"wp:featuredmedia":[{"embeddable":true,"href":"https:\/\/rednacionaldearte.com\/tienda\/wp-json\/wp\/v2\/media\/17"}],"wp:attachment":[{"href":"https:\/\/rednacionaldearte.com\/tienda\/wp-json\/wp\/v2\/media?parent=16"}],"wp:term":[{"taxonomy":"product_brand","embeddable":true,"href":"https:\/\/rednacionaldearte.com\/tienda\/wp-json\/wp\/v2\/product_brand?post=16"},{"taxonomy":"product_cat","embeddable":true,"href":"https:\/\/rednacionaldearte.com\/tienda\/wp-json\/wp\/v2\/product_cat?post=16"},{"taxonomy":"product_tag","embeddable":true,"href":"https:\/\/rednacionaldearte.com\/tienda\/wp-json\/wp\/v2\/product_tag?post=16"}],"curies":[{"name":"wp","href":"https:\/\/api.w.org\/{rel}","templated":true}]}}