{"id":1708,"date":"2023-05-04T06:44:46","date_gmt":"2023-05-04T06:44:46","guid":{"rendered":"https:\/\/rednacionaldearte.com\/tienda\/?post_type=product&#038;p=1708"},"modified":"2023-05-28T04:33:13","modified_gmt":"2023-05-28T04:33:13","slug":"taller-live-cinema","status":"publish","type":"product","link":"https:\/\/rednacionaldearte.com\/tienda\/producto\/taller-live-cinema\/","title":{"rendered":"Taller de Live Cinema"},"content":{"rendered":"<p><strong>Taller de Live Cinema con Antropotrip<\/strong><\/p>\n<p>Presentado por el Festival de Cine Independiente de la Ciudad de M\u00e9xico y Red Nacional de Arte.<\/p>\n<p>&nbsp;<\/p>\n<p><strong>Sesiones:<\/strong><\/p>\n<p>Del 23 al 26 de Mayo | 16 a 18 horas (hora Ciudad de M\u00e9xico).<\/p>\n<p>&nbsp;<\/p>\n<p>Dise\u00f1a tu proyecto de Live Cinema con el reconocido artista JL Martin (Antropotrip) a trav\u00e9s de un taller intensivo donde aprender\u00e1s los fundamentos te\u00f3ricos y pr\u00e1cticos del performance audiovisual en directo, explorando desde sus ra\u00edces en el cine experimental y el video arte hasta las t\u00e9cnicas y herramientas que permiten la creaci\u00f3n de narrativas experimentales en tiempo real.<\/p>\n<p>&nbsp;<\/p>\n<p>Todas las sesiones se grabar\u00e1n y los links se proporcionar\u00e1n a los participantes para su descarga, con la intenci\u00f3n de que no pierdan tiempo grabando desde sus dispositivos y aprovechen el taller al m\u00e1ximo.<\/p>\n<p>M\u00e1s informaci\u00f3n en https:\/\/festivalcineindependiente.com\/livecinema\/<\/p>\n","protected":false},"excerpt":{"rendered":"<p><strong>Taller de Live Cinema con Antropotrip<\/strong><\/p>\n<p>Presentado por el Festival de Cine Independiente de la Ciudad de M\u00e9xico y Red Nacional de Arte.<\/p>\n<p>&nbsp;<\/p>\n<p><strong>Sesiones:<\/strong><\/p>\n<p>Del 23 al 26 de Mayo | 16 a 18 horas (hora Ciudad de M\u00e9xico).<\/p>\n<p>&nbsp;<\/p>\n<p>Dise\u00f1a tu proyecto de Live Cinema con el reconocido artista JL Martin (Antropotrip) a trav\u00e9s de un taller intensivo donde aprender\u00e1s los fundamentos te\u00f3ricos y pr\u00e1cticos del performance audiovisual en directo, explorando desde sus ra\u00edces en el cine experimental y el video arte hasta las t\u00e9cnicas y herramientas que permiten la creaci\u00f3n de narrativas experimentales en tiempo real.<\/p>\n<p>&nbsp;<\/p>\n<p>Todas las sesiones se grabar\u00e1n y los links se proporcionar\u00e1n a los participantes para su descarga, con la intenci\u00f3n de que no pierdan tiempo grabando desde sus dispositivos y aprovechen el taller al m\u00e1ximo.<\/p>\n<p>M\u00e1s informaci\u00f3n en https:\/\/festivalcineindependiente.com\/livecinema\/<\/p>\n","protected":false},"featured_media":1709,"comment_status":"open","ping_status":"closed","template":"","meta":[],"product_brand":[],"product_cat":[39,6,7],"product_tag":[174,150,151,173],"class_list":{"0":"post-1708","1":"product","2":"type-product","3":"status-publish","4":"has-post-thumbnail","6":"product_cat-cine","7":"product_cat-cursos","8":"product_cat-cursos-online","9":"product_tag-antropotrip","10":"product_tag-fecimx","11":"product_tag-festival-de-cine-independiente-de-la-cdmx","12":"product_tag-live-cinema","14":"first","15":"outofstock","16":"virtual","17":"purchasable","18":"product-type-simple"},"jetpack_sharing_enabled":true,"_links":{"self":[{"href":"https:\/\/rednacionaldearte.com\/tienda\/wp-json\/wp\/v2\/product\/1708","targetHints":{"allow":["GET"]}}],"collection":[{"href":"https:\/\/rednacionaldearte.com\/tienda\/wp-json\/wp\/v2\/product"}],"about":[{"href":"https:\/\/rednacionaldearte.com\/tienda\/wp-json\/wp\/v2\/types\/product"}],"replies":[{"embeddable":true,"href":"https:\/\/rednacionaldearte.com\/tienda\/wp-json\/wp\/v2\/comments?post=1708"}],"wp:featuredmedia":[{"embeddable":true,"href":"https:\/\/rednacionaldearte.com\/tienda\/wp-json\/wp\/v2\/media\/1709"}],"wp:attachment":[{"href":"https:\/\/rednacionaldearte.com\/tienda\/wp-json\/wp\/v2\/media?parent=1708"}],"wp:term":[{"taxonomy":"product_brand","embeddable":true,"href":"https:\/\/rednacionaldearte.com\/tienda\/wp-json\/wp\/v2\/product_brand?post=1708"},{"taxonomy":"product_cat","embeddable":true,"href":"https:\/\/rednacionaldearte.com\/tienda\/wp-json\/wp\/v2\/product_cat?post=1708"},{"taxonomy":"product_tag","embeddable":true,"href":"https:\/\/rednacionaldearte.com\/tienda\/wp-json\/wp\/v2\/product_tag?post=1708"}],"curies":[{"name":"wp","href":"https:\/\/api.w.org\/{rel}","templated":true}]}}