{"id":1821,"date":"2024-01-11T22:20:53","date_gmt":"2024-01-11T22:20:53","guid":{"rendered":"https:\/\/rednacionaldearte.com\/tienda\/?post_type=product&#038;p=1821"},"modified":"2024-01-23T22:33:51","modified_gmt":"2024-01-23T22:33:51","slug":"clinica-fondos","status":"publish","type":"product","link":"https:\/\/rednacionaldearte.com\/tienda\/producto\/clinica-fondos\/","title":{"rendered":"Cl\u00ednica intensiva: Fondos para Producci\u00f3n y Distribuci\u00f3n"},"content":{"rendered":"<p><strong>Cl\u00ednica intensiva: Fondos para Producci\u00f3n y Distribuci\u00f3n<\/strong><\/p>\n<p>&nbsp;<\/p>\n<p>Presentado por el Festival de Cine Independiente de la Ciudad de M\u00e9xico y Red Nacional de Arte.<\/p>\n<p>&nbsp;<\/p>\n<p><strong>Sesiones:<\/strong><\/p>\n<p>Fechas y horarios:<br \/>\n23 de enero, de 17 a 19 hrs.<br \/>\n24 de enero, de 17 a 19 hrs.<br \/>\n25 de enero, de 19 a 21 hrs.<br \/>\n26 de enero, de 18 a 20 hrs.<\/p>\n<p>* Horarios en tiempo de Ciudad de M\u00e9xico.<\/p>\n<p>El Festival de Cine Independiente de la Ciudad de M\u00e9xico (FECIMX) y Red Nacional de Arte convocan a la <strong>Cl\u00ednica intensiva sobre Fondos y Distribuci\u00f3n Cinematogr\u00e1fica con M\u00f3nica Lozano (Productora de Amores Perros y Sue\u00f1o en Otro Idioma), Paula Astorga<\/strong> (<strong>Fundadora del FICCO, ex directora de la Cineteca Nacional y actual directora de DocLisboa<\/strong>) y <strong>Ester Bernal <\/strong>(<strong>directora de distribuci\u00f3n en Piano, ex coordinadora de Eficine Distribuci\u00f3n en IMCINE<\/strong> y ex coordinadora de adquisici\u00f3n y ventas internacionales en Alfhaville Cinema).<\/p>\n<p>Todas las sesiones se grabar\u00e1n y los links se proporcionar\u00e1n a los participantes para su descarga, con la intenci\u00f3n de que no pierdan tiempo grabando desde sus dispositivos y aprovechen el taller al m\u00e1ximo.<\/p>\n<p>&nbsp;<\/p>\n<p><span style=\"font-family: -apple-system, BlinkMacSystemFont, 'Segoe UI', Roboto, Oxygen-Sans, Ubuntu, Cantarell, 'Helvetica Neue', sans-serif;\">M\u00e1s informaci\u00f3n en <a href=\"https:\/\/festivalcineindependiente.com\/fondos-y-distribucion\/\">https:\/\/festivalcineindependiente.com\/fondos-y-distribucion\/<\/a><\/span><\/p>\n","protected":false},"excerpt":{"rendered":"<p><strong>Cl\u00ednica intensiva: Fondos para Producci\u00f3n y Distribuci\u00f3n<\/strong><\/p>\n<p>&nbsp;<\/p>\n<p>Presentado por el Festival de Cine Independiente de la Ciudad de M\u00e9xico y Red Nacional de Arte.<\/p>\n<p>&nbsp;<\/p>\n<p><strong>Sesiones:<\/strong><\/p>\n<p>Fechas y horarios:<br \/>\n23 de enero, de 17 a 19 hrs.<br \/>\n24 de enero, de 17 a 19 hrs.<br \/>\n25 de enero, de 19 a 21 hrs.<br \/>\n26 de enero, de 18 a 20 hrs.<\/p>\n<p>* Horarios en tiempo de Ciudad de M\u00e9xico.<\/p>\n<p>El Festival de Cine Independiente de la Ciudad de M\u00e9xico (FECIMX) y Red Nacional de Arte convocan a la <strong>Cl\u00ednica intensiva sobre Fondos y Distribuci\u00f3n Cinematogr\u00e1fica con M\u00f3nica Lozano (Productora de Amores Perros y Sue\u00f1o en Otro Idioma), Paula Astorga<\/strong> (<strong>Fundadora del FICCO, ex directora de la Cineteca Nacional y actual directora de DocLisboa<\/strong>) y <strong>Ester Bernal <\/strong>(<strong>directora de distribuci\u00f3n en Piano, ex coordinadora de Eficine Distribuci\u00f3n en IMCINE<\/strong> y ex coordinadora de adquisici\u00f3n y ventas internacionales en Alfhaville Cinema).<\/p>\n<p>Todas las sesiones se grabar\u00e1n y los links se proporcionar\u00e1n a los participantes para su descarga, con la intenci\u00f3n de que no pierdan tiempo grabando desde sus dispositivos y aprovechen el taller al m\u00e1ximo.<\/p>\n<p>&nbsp;<\/p>\n<p><span style=\"font-family: -apple-system, BlinkMacSystemFont, 'Segoe UI', Roboto, Oxygen-Sans, Ubuntu, Cantarell, 'Helvetica Neue', sans-serif;\">M\u00e1s informaci\u00f3n en <a href=\"https:\/\/festivalcineindependiente.com\/fondos-y-distribucion\/\">https:\/\/festivalcineindependiente.com\/fondos-y-distribucion\/<\/a><\/span><\/p>\n","protected":false},"featured_media":1830,"comment_status":"open","ping_status":"closed","template":"","meta":[],"product_brand":[],"product_cat":[39,6,7],"product_tag":[178,177,166],"class_list":{"0":"post-1821","1":"product","2":"type-product","3":"status-publish","4":"has-post-thumbnail","6":"product_cat-cine","7":"product_cat-cursos","8":"product_cat-cursos-online","9":"product_tag-ester-bernal","10":"product_tag-monica-lozano","11":"product_tag-paula-astorga","13":"first","14":"outofstock","15":"virtual","16":"purchasable","17":"product-type-simple"},"jetpack_sharing_enabled":true,"_links":{"self":[{"href":"https:\/\/rednacionaldearte.com\/tienda\/wp-json\/wp\/v2\/product\/1821","targetHints":{"allow":["GET"]}}],"collection":[{"href":"https:\/\/rednacionaldearte.com\/tienda\/wp-json\/wp\/v2\/product"}],"about":[{"href":"https:\/\/rednacionaldearte.com\/tienda\/wp-json\/wp\/v2\/types\/product"}],"replies":[{"embeddable":true,"href":"https:\/\/rednacionaldearte.com\/tienda\/wp-json\/wp\/v2\/comments?post=1821"}],"wp:featuredmedia":[{"embeddable":true,"href":"https:\/\/rednacionaldearte.com\/tienda\/wp-json\/wp\/v2\/media\/1830"}],"wp:attachment":[{"href":"https:\/\/rednacionaldearte.com\/tienda\/wp-json\/wp\/v2\/media?parent=1821"}],"wp:term":[{"taxonomy":"product_brand","embeddable":true,"href":"https:\/\/rednacionaldearte.com\/tienda\/wp-json\/wp\/v2\/product_brand?post=1821"},{"taxonomy":"product_cat","embeddable":true,"href":"https:\/\/rednacionaldearte.com\/tienda\/wp-json\/wp\/v2\/product_cat?post=1821"},{"taxonomy":"product_tag","embeddable":true,"href":"https:\/\/rednacionaldearte.com\/tienda\/wp-json\/wp\/v2\/product_tag?post=1821"}],"curies":[{"name":"wp","href":"https:\/\/api.w.org\/{rel}","templated":true}]}}