{"id":1886,"date":"2024-02-08T04:15:58","date_gmt":"2024-02-08T04:15:58","guid":{"rendered":"https:\/\/rednacionaldearte.com\/tienda\/?post_type=product&#038;p=1886"},"modified":"2024-03-08T16:29:59","modified_gmt":"2024-03-08T16:29:59","slug":"idea-pantalla-como-escribir-pelicula","status":"publish","type":"product","link":"https:\/\/rednacionaldearte.com\/tienda\/producto\/idea-pantalla-como-escribir-pelicula\/","title":{"rendered":"De la idea a la pantalla: C\u00f3mo escribir una pel\u00edcula"},"content":{"rendered":"<p><strong>De la idea a la pantalla: C\u00f3mo escribir una pel\u00edcula<\/strong><\/p>\n<p>&nbsp;<\/p>\n<p>Presentado por el Festival de Cine Independiente de la Ciudad de M\u00e9xico, Red Nacional de Arte y Guionistas sin Guion.<\/p>\n<p>&nbsp;<\/p>\n<p><strong>Sesiones:<\/strong><\/p>\n<p>Fechas y horarios:<br \/>\nDel 20 al 24 de febrero, de 19 a 21 horas.<\/p>\n<p>* Horarios en tiempo de Ciudad de M\u00e9xico.<\/p>\n<p>El\u00a0<strong>Festival de Cine Independiente de la Ciudad de M\u00e9xico (FECIMX)<\/strong>,\u00a0<strong>Red Nacional de Arte<\/strong>\u00a0y\u00a0<strong>Guionistas sin Guion<\/strong>\u00a0convocan al taller\u00a0<strong>\u201cDe la idea a la pantalla: C\u00f3mo escribir una pel\u00edcula\u201d<\/strong>, con Jorge Michel Grau, Ant\u00f3n Goenechea, Alo Valenzuela, Karin Valecillos y Josh Candia.<\/p>\n<p>Todas las sesiones se grabar\u00e1n y los links se proporcionar\u00e1n a los participantes para su descarga, con la intenci\u00f3n de que no pierdan tiempo grabando desde sus dispositivos y aprovechen el taller al m\u00e1ximo.<\/p>\n<p>&nbsp;<\/p>\n<p><span style=\"font-family: -apple-system, BlinkMacSystemFont, 'Segoe UI', Roboto, Oxygen-Sans, Ubuntu, Cantarell, 'Helvetica Neue', sans-serif;\">M\u00e1s informaci\u00f3n en <a href=\"https:\/\/festivalcineindependiente.com\/curso-guion\/\">https:\/\/festivalcineindependiente.com\/curso-guion\/<\/a><\/span><\/p>\n","protected":false},"excerpt":{"rendered":"<p><strong>De la idea a la pantalla: C\u00f3mo escribir una pel\u00edcula<\/strong><\/p>\n<p>&nbsp;<\/p>\n<p>Presentado por el Festival de Cine Independiente de la Ciudad de M\u00e9xico, Red Nacional de Arte y Guionistas sin Guion.<\/p>\n<p>&nbsp;<\/p>\n<p><strong>Sesiones:<\/strong><\/p>\n<p>Fechas y horarios:<br \/>\nDel 20 al 24 de febrero, de 19 a 21 horas.<\/p>\n<p>* Horarios en tiempo de Ciudad de M\u00e9xico.<\/p>\n<p>El\u00a0<strong>Festival de Cine Independiente de la Ciudad de M\u00e9xico (FECIMX)<\/strong>,\u00a0<strong>Red Nacional de Arte<\/strong>\u00a0y\u00a0<strong>Guionistas sin Guion<\/strong>\u00a0convocan al taller\u00a0<strong>\u201cDe la idea a la pantalla: C\u00f3mo escribir una pel\u00edcula\u201d<\/strong>, con Jorge Michel Grau, Ant\u00f3n Goenechea, Alo Valenzuela, Karin Valecillos y Josh Candia.<\/p>\n<p>Todas las sesiones se grabar\u00e1n y los links se proporcionar\u00e1n a los participantes para su descarga, con la intenci\u00f3n de que no pierdan tiempo grabando desde sus dispositivos y aprovechen el taller al m\u00e1ximo.<\/p>\n<p>&nbsp;<\/p>\n<p><span style=\"font-family: -apple-system, BlinkMacSystemFont, 'Segoe UI', Roboto, Oxygen-Sans, Ubuntu, Cantarell, 'Helvetica Neue', sans-serif;\">M\u00e1s informaci\u00f3n en <a href=\"https:\/\/festivalcineindependiente.com\/curso-guion\/\">https:\/\/festivalcineindependiente.com\/curso-guion\/<\/a><\/span><\/p>\n","protected":false},"featured_media":1887,"comment_status":"open","ping_status":"closed","template":"","meta":[],"product_brand":[],"product_cat":[39,6,7],"product_tag":[182,181,179,180,184,183],"class_list":{"0":"post-1886","1":"product","2":"type-product","3":"status-publish","4":"has-post-thumbnail","6":"product_cat-cine","7":"product_cat-cursos","8":"product_cat-cursos-online","9":"product_tag-alo-valenzuela","10":"product_tag-anton-goenechea","11":"product_tag-guion-cinematografico","12":"product_tag-jorge-michel-grau","13":"product_tag-josh-candia","14":"product_tag-karin-valecillos","16":"first","17":"outofstock","18":"virtual","19":"purchasable","20":"product-type-simple"},"jetpack_sharing_enabled":true,"_links":{"self":[{"href":"https:\/\/rednacionaldearte.com\/tienda\/wp-json\/wp\/v2\/product\/1886","targetHints":{"allow":["GET"]}}],"collection":[{"href":"https:\/\/rednacionaldearte.com\/tienda\/wp-json\/wp\/v2\/product"}],"about":[{"href":"https:\/\/rednacionaldearte.com\/tienda\/wp-json\/wp\/v2\/types\/product"}],"replies":[{"embeddable":true,"href":"https:\/\/rednacionaldearte.com\/tienda\/wp-json\/wp\/v2\/comments?post=1886"}],"wp:featuredmedia":[{"embeddable":true,"href":"https:\/\/rednacionaldearte.com\/tienda\/wp-json\/wp\/v2\/media\/1887"}],"wp:attachment":[{"href":"https:\/\/rednacionaldearte.com\/tienda\/wp-json\/wp\/v2\/media?parent=1886"}],"wp:term":[{"taxonomy":"product_brand","embeddable":true,"href":"https:\/\/rednacionaldearte.com\/tienda\/wp-json\/wp\/v2\/product_brand?post=1886"},{"taxonomy":"product_cat","embeddable":true,"href":"https:\/\/rednacionaldearte.com\/tienda\/wp-json\/wp\/v2\/product_cat?post=1886"},{"taxonomy":"product_tag","embeddable":true,"href":"https:\/\/rednacionaldearte.com\/tienda\/wp-json\/wp\/v2\/product_tag?post=1886"}],"curies":[{"name":"wp","href":"https:\/\/api.w.org\/{rel}","templated":true}]}}