{"id":2023,"date":"2024-10-02T01:04:36","date_gmt":"2024-10-02T01:04:36","guid":{"rendered":"https:\/\/rednacionaldearte.com\/tienda\/?post_type=product&#038;p=2023"},"modified":"2024-10-17T03:04:03","modified_gmt":"2024-10-17T03:04:03","slug":"taller-mujeres-set","status":"publish","type":"product","link":"https:\/\/rednacionaldearte.com\/tienda\/producto\/taller-mujeres-set\/","title":{"rendered":"Taller Mujeres en el Set"},"content":{"rendered":"<p><strong>Mujeres en el Set: Taller de Creaci\u00f3n Cinematogr\u00e1fica<br \/>\n<\/strong><\/p>\n<p><strong>Con Alejandra M\u00e1rquez Abella, Claudia Sainte-Luce y Dana Rotberg<\/strong><\/p>\n<p><strong>\u00a0<\/strong><\/p>\n<p>Presentado por el Festival de Cine Independiente de la Ciudad de M\u00e9xico y Red Nacional de Arte.<\/p>\n<p><strong>Sesiones:<\/strong><\/p>\n<p>Fechas y horarios:<br \/>\n14, 15, 16 y 17 de octubre, de 19 a 21 horas.<\/p>\n<p>* Horarios en tiempo Ciudad de M\u00e9xico.<\/p>\n<p>&nbsp;<\/p>\n<p>El\u00a0<strong>Festival de Cine Independiente de la Ciudad de M\u00e9xico (FECIMX)<\/strong>\u00a0y\u00a0<strong>Red Nacional de Arte<\/strong>\u00a0convocan al Taller de creaci\u00f3n cinematogr\u00e1fica\u00a0<strong>Mujeres en el Set<\/strong>\u00a0con\u00a0<strong>Alejandra M\u00e1rquez Abella (El Norte sobre el Vac\u00edo, Las Ni\u00f1as Bien), Claudia Sainte-Luce (Los Ins\u00f3litos Peces Gato, La Caja Vac\u00eda) y Dana Rotberg (\u00c1ngel de Fuego, White Lies)<\/strong>.<\/p>\n<p>Todas las sesiones se grabar\u00e1n y los links se proporcionar\u00e1n a los participantes para su descarga, con la intenci\u00f3n de que no pierdan tiempo grabando desde sus dispositivos y aprovechen el taller al m\u00e1ximo.<\/p>\n<p>&nbsp;<\/p>\n<p><span style=\"font-family: -apple-system, BlinkMacSystemFont, 'Segoe UI', Roboto, Oxygen-Sans, Ubuntu, Cantarell, 'Helvetica Neue', sans-serif;\">M\u00e1s informaci\u00f3n en <a href=\"https:\/\/festivalcineindependiente.com\/mujeres-en-el-set\/\">https:\/\/festivalcineindependiente.com\/mujeres-en-el-set\/<\/a><\/span><\/p>\n","protected":false},"excerpt":{"rendered":"<p><strong>Mujeres en el Set: Taller de Creaci\u00f3n Cinematogr\u00e1fica<br \/>\n<\/strong><\/p>\n<p><strong>Con Alejandra M\u00e1rquez Abella, Claudia Sainte-Luce y Dana Rotberg<\/strong><\/p>\n<p><strong>\u00a0<\/strong><\/p>\n<p>Presentado por el Festival de Cine Independiente de la Ciudad de M\u00e9xico y Red Nacional de Arte.<\/p>\n<p><strong>Sesiones:<\/strong><\/p>\n<p>Fechas y horarios:<br \/>\n14, 15, 16 y 17 de octubre, de 19 a 21 horas.<\/p>\n<p>* Horarios en tiempo Ciudad de M\u00e9xico.<\/p>\n<p>&nbsp;<\/p>\n<p>El\u00a0<strong>Festival de Cine Independiente de la Ciudad de M\u00e9xico (FECIMX)<\/strong>\u00a0y\u00a0<strong>Red Nacional de Arte<\/strong>\u00a0convocan al Taller de creaci\u00f3n cinematogr\u00e1fica\u00a0<strong>Mujeres en el Set<\/strong>\u00a0con\u00a0<strong>Alejandra M\u00e1rquez Abella (El Norte sobre el Vac\u00edo, Las Ni\u00f1as Bien), Claudia Sainte-Luce (Los Ins\u00f3litos Peces Gato, La Caja Vac\u00eda) y Dana Rotberg (\u00c1ngel de Fuego, White Lies)<\/strong>.<\/p>\n<p>Todas las sesiones se grabar\u00e1n y los links se proporcionar\u00e1n a los participantes para su descarga, con la intenci\u00f3n de que no pierdan tiempo grabando desde sus dispositivos y aprovechen el taller al m\u00e1ximo.<\/p>\n<p>&nbsp;<\/p>\n<p><span style=\"font-family: -apple-system, BlinkMacSystemFont, 'Segoe UI', Roboto, Oxygen-Sans, Ubuntu, Cantarell, 'Helvetica Neue', sans-serif;\">M\u00e1s informaci\u00f3n en <a href=\"https:\/\/festivalcineindependiente.com\/mujeres-en-el-set\/\">https:\/\/festivalcineindependiente.com\/mujeres-en-el-set\/<\/a><\/span><\/p>\n<p>&nbsp;<\/p>\n","protected":false},"featured_media":2024,"comment_status":"open","ping_status":"closed","template":"","meta":[],"product_brand":[],"product_cat":[39,6,7],"product_tag":[194,195,196,150,151],"class_list":{"0":"post-2023","1":"product","2":"type-product","3":"status-publish","4":"has-post-thumbnail","6":"product_cat-cine","7":"product_cat-cursos","8":"product_cat-cursos-online","9":"product_tag-alejandra-marquez-abella","10":"product_tag-claudia-sainte-luce","11":"product_tag-dana-rotberg","12":"product_tag-fecimx","13":"product_tag-festival-de-cine-independiente-de-la-cdmx","15":"first","16":"outofstock","17":"virtual","18":"purchasable","19":"product-type-simple"},"jetpack_sharing_enabled":true,"_links":{"self":[{"href":"https:\/\/rednacionaldearte.com\/tienda\/wp-json\/wp\/v2\/product\/2023","targetHints":{"allow":["GET"]}}],"collection":[{"href":"https:\/\/rednacionaldearte.com\/tienda\/wp-json\/wp\/v2\/product"}],"about":[{"href":"https:\/\/rednacionaldearte.com\/tienda\/wp-json\/wp\/v2\/types\/product"}],"replies":[{"embeddable":true,"href":"https:\/\/rednacionaldearte.com\/tienda\/wp-json\/wp\/v2\/comments?post=2023"}],"wp:featuredmedia":[{"embeddable":true,"href":"https:\/\/rednacionaldearte.com\/tienda\/wp-json\/wp\/v2\/media\/2024"}],"wp:attachment":[{"href":"https:\/\/rednacionaldearte.com\/tienda\/wp-json\/wp\/v2\/media?parent=2023"}],"wp:term":[{"taxonomy":"product_brand","embeddable":true,"href":"https:\/\/rednacionaldearte.com\/tienda\/wp-json\/wp\/v2\/product_brand?post=2023"},{"taxonomy":"product_cat","embeddable":true,"href":"https:\/\/rednacionaldearte.com\/tienda\/wp-json\/wp\/v2\/product_cat?post=2023"},{"taxonomy":"product_tag","embeddable":true,"href":"https:\/\/rednacionaldearte.com\/tienda\/wp-json\/wp\/v2\/product_tag?post=2023"}],"curies":[{"name":"wp","href":"https:\/\/api.w.org\/{rel}","templated":true}]}}