{"id":2046,"date":"2024-11-28T05:29:31","date_gmt":"2024-11-28T05:29:31","guid":{"rendered":"https:\/\/rednacionaldearte.com\/tienda\/?post_type=product&#038;p=2046"},"modified":"2024-12-18T17:09:37","modified_gmt":"2024-12-18T17:09:37","slug":"2-clinica-fondos-produccion-distribucion","status":"publish","type":"product","link":"https:\/\/rednacionaldearte.com\/tienda\/producto\/2-clinica-fondos-produccion-distribucion\/","title":{"rendered":"2da Cl\u00ednica intensiva: Fondos para Producci\u00f3n y Distribuci\u00f3n"},"content":{"rendered":"<p><strong>2da Cl\u00ednica intensiva: Fondos para Producci\u00f3n y Distribuci\u00f3n<\/strong><\/p>\n<p>&nbsp;<\/p>\n<p>Presentada por el Festival de Cine Independiente de la Ciudad de M\u00e9xico y Red Nacional de Arte.<\/p>\n<p>&nbsp;<\/p>\n<p><strong>Sesiones:<\/strong><\/p>\n<p>Fechas y horarios: Del 16 al 19 de diciembre de 2024, en un horario de 19 a 21 horas.<\/p>\n<p>* Horarios en tiempo de Ciudad de M\u00e9xico.<\/p>\n<p>Tras el \u00e9xito de la primera edici\u00f3n de la Cl\u00ednica intensiva sobre Fondos y Distribuci\u00f3n Cinematogr\u00e1fica, en la que varias carpetas resultaron ganadoras de FOCINE, el\u00a0<strong>Festival de Cine Independiente de la Ciudad de M\u00e9xico (FECIMX)<\/strong>\u00a0y\u00a0<strong>Red Nacional de Arte<\/strong>\u00a0convocan a la\u00a0<strong>2da Cl\u00ednica intensiva sobre Fondos y Distribuci\u00f3n Cinematogr\u00e1fica<\/strong>\u00a0con\u00a0<strong>Paula Astorga (Fundadora del FICCO, ex directora de la Cineteca Nacional y actual directora de DocLisboa)<\/strong>,\u00a0<strong>Edher Campos (A\u00f1o Bisiesto, La Jaula de Oro, Huesera y miembro activo de la Academia de Artes y Ciencias Cinematogr\u00e1ficas de Hollywood)<\/strong>, y\u00a0<strong>Ester Bernal (directora de distribuci\u00f3n en Piano, ex coordinadora de Eficine Distribuci\u00f3n en IMCINE y ex coordinadora de adquisici\u00f3n y ventas internacionales en Alfhaville Cinema)<\/strong>.<\/p>\n<p>&nbsp;<\/p>\n<p>Todas las sesiones se grabar\u00e1n y los links se proporcionar\u00e1n a los participantes para su descarga, con la intenci\u00f3n de que no pierdan tiempo grabando desde sus dispositivos y aprovechen el taller al m\u00e1ximo.<\/p>\n<p>&nbsp;<\/p>\n<p><span style=\"font-family: -apple-system, BlinkMacSystemFont, 'Segoe UI', Roboto, Oxygen-Sans, Ubuntu, Cantarell, 'Helvetica Neue', sans-serif;\">M\u00e1s informaci\u00f3n en <a href=\"https:\/\/festivalcineindependiente.com\/fondos-y-distribucion\/\">https:\/\/festivalcineindependiente.com\/fondos-y-distribucion\/<\/a><\/span><\/p>\n","protected":false},"excerpt":{"rendered":"<p><strong>2da Cl\u00ednica intensiva: Fondos para Producci\u00f3n y Distribuci\u00f3n<\/strong><\/p>\n<p>&nbsp;<\/p>\n<p>Presentada por el Festival de Cine Independiente de la Ciudad de M\u00e9xico y Red Nacional de Arte.<\/p>\n<p>&nbsp;<\/p>\n<p><strong>Sesiones:<\/strong><\/p>\n<p>Fechas y horarios: Del 16 al 19 de diciembre de 2024, en un horario de 19 a 21 horas.<\/p>\n<p>* Horarios en tiempo de Ciudad de M\u00e9xico.<\/p>\n<p>Tras el \u00e9xito de la primera edici\u00f3n de la Cl\u00ednica intensiva sobre Fondos y Distribuci\u00f3n Cinematogr\u00e1fica, en la que varias carpetas resultaron ganadoras de FOCINE, el\u00a0<strong>Festival de Cine Independiente de la Ciudad de M\u00e9xico (FECIMX)<\/strong>\u00a0y\u00a0<strong>Red Nacional de Arte<\/strong>\u00a0convocan a la\u00a0<strong>2da Cl\u00ednica intensiva sobre Fondos y Distribuci\u00f3n Cinematogr\u00e1fica<\/strong>\u00a0con\u00a0<strong>Paula Astorga (Fundadora del FICCO, ex directora de la Cineteca Nacional y actual directora de DocLisboa)<\/strong>,\u00a0<strong>Edher Campos (A\u00f1o Bisiesto, La Jaula de Oro, Huesera y miembro activo de la Academia de Artes y Ciencias Cinematogr\u00e1ficas de Hollywood)<\/strong>, y\u00a0<strong>Ester Bernal (directora de distribuci\u00f3n en Piano, ex coordinadora de Eficine Distribuci\u00f3n en IMCINE y ex coordinadora de adquisici\u00f3n y ventas internacionales en Alfhaville Cinema)<\/strong>.<\/p>\n<p>&nbsp;<\/p>\n<p>Todas las sesiones se grabar\u00e1n y los links se proporcionar\u00e1n a los participantes para su descarga, con la intenci\u00f3n de que no pierdan tiempo grabando desde sus dispositivos y aprovechen el taller al m\u00e1ximo.<\/p>\n<p>&nbsp;<\/p>\n<p><span style=\"font-family: -apple-system, BlinkMacSystemFont, 'Segoe UI', Roboto, Oxygen-Sans, Ubuntu, Cantarell, 'Helvetica Neue', sans-serif;\">M\u00e1s informaci\u00f3n en <a href=\"https:\/\/festivalcineindependiente.com\/fondos-y-distribucion\/\">https:\/\/festivalcineindependiente.com\/fondos-y-distribucion\/<\/a><\/span><\/p>\n<p>&nbsp;<\/p>\n","protected":false},"featured_media":2047,"comment_status":"open","ping_status":"closed","template":"","meta":[],"product_brand":[],"product_cat":[39,6,7],"product_tag":[200,197,199,178,198,166],"class_list":{"0":"post-2046","1":"product","2":"type-product","3":"status-publish","4":"has-post-thumbnail","6":"product_cat-cine","7":"product_cat-cursos","8":"product_cat-cursos-online","9":"product_tag-carpetas","10":"product_tag-edher-campos","11":"product_tag-eficine","12":"product_tag-ester-bernal","13":"product_tag-focine","14":"product_tag-paula-astorga","16":"first","17":"outofstock","18":"virtual","19":"purchasable","20":"product-type-simple"},"jetpack_sharing_enabled":true,"_links":{"self":[{"href":"https:\/\/rednacionaldearte.com\/tienda\/wp-json\/wp\/v2\/product\/2046","targetHints":{"allow":["GET"]}}],"collection":[{"href":"https:\/\/rednacionaldearte.com\/tienda\/wp-json\/wp\/v2\/product"}],"about":[{"href":"https:\/\/rednacionaldearte.com\/tienda\/wp-json\/wp\/v2\/types\/product"}],"replies":[{"embeddable":true,"href":"https:\/\/rednacionaldearte.com\/tienda\/wp-json\/wp\/v2\/comments?post=2046"}],"wp:featuredmedia":[{"embeddable":true,"href":"https:\/\/rednacionaldearte.com\/tienda\/wp-json\/wp\/v2\/media\/2047"}],"wp:attachment":[{"href":"https:\/\/rednacionaldearte.com\/tienda\/wp-json\/wp\/v2\/media?parent=2046"}],"wp:term":[{"taxonomy":"product_brand","embeddable":true,"href":"https:\/\/rednacionaldearte.com\/tienda\/wp-json\/wp\/v2\/product_brand?post=2046"},{"taxonomy":"product_cat","embeddable":true,"href":"https:\/\/rednacionaldearte.com\/tienda\/wp-json\/wp\/v2\/product_cat?post=2046"},{"taxonomy":"product_tag","embeddable":true,"href":"https:\/\/rednacionaldearte.com\/tienda\/wp-json\/wp\/v2\/product_tag?post=2046"}],"curies":[{"name":"wp","href":"https:\/\/api.w.org\/{rel}","templated":true}]}}