{"id":2144,"date":"2025-02-10T22:08:42","date_gmt":"2025-02-10T22:08:42","guid":{"rendered":"https:\/\/rednacionaldearte.com\/tienda\/?post_type=product&#038;p=2144"},"modified":"2025-02-24T23:26:53","modified_gmt":"2025-02-24T23:26:53","slug":"diseno-sonoro-cine","status":"publish","type":"product","link":"https:\/\/rednacionaldearte.com\/tienda\/producto\/diseno-sonoro-cine\/","title":{"rendered":"Taller de Dise\u00f1o Sonoro para Cine"},"content":{"rendered":"<p><strong>Dise\u00f1o Sonoro para Cine<\/strong><\/p>\n<p>1 Masterclass con el Ganador del Oscar Carlos Cort\u00e9s Navarrete<br \/>\n4 Sesiones Pr\u00e1cticas con Adrianna Maldonado<\/p>\n<p>&nbsp;<\/p>\n<p>Presentado por el Festival de Cine Independiente de la Ciudad de M\u00e9xico y Red Nacional de Arte.<\/p>\n<p>&nbsp;<\/p>\n<p><strong>Fechas y horarios:<\/strong><\/p>\n<p>24, 25, 26, 27 y 28 de febrero.<br \/>\n* Las sesiones se llevar\u00e1n a cabo en un horario de 19 a 21 hrs (Tiempo Ciudad de M\u00e9xico).<\/p>\n<p>&nbsp;<\/p>\n<p>El <strong>Festival de Cine Independiente de la Ciudad de M\u00e9xico (FECIMX)<\/strong> y <strong>Red Nacional de Arte<\/strong> convocan al segundo Taller de Dise\u00f1o Sonoro para Cine. Durante las sesiones, que se llevar\u00e1n a cabo de forma virtual, se profundizar\u00e1 en el estudio y aplicaci\u00f3n de t\u00e9cnicas y conceptos esenciales en el dise\u00f1o y postproducci\u00f3n sonora para el desarrollo de narrativas audiovisuales. Lxs participantes adquirir\u00e1n conocimientos sobre los diversos elementos del dise\u00f1o sonoro, la relevancia del sonido en el cine y su funci\u00f3n en las narrativas cinematogr\u00e1ficas, as\u00ed como los procesos y flujos de trabajo desde la preproducci\u00f3n hasta la postproducci\u00f3n. Se abordar\u00e1n aspectos t\u00e9cnicos y herramientas para la edici\u00f3n de audio y la exportaci\u00f3n de mezclas y deliveries.<\/p>\n<p>Todas las sesiones se grabar\u00e1n y los links se proporcionar\u00e1n a los participantes para su descarga, con la intenci\u00f3n de que no pierdan tiempo grabando desde sus dispositivos y aprovechen el taller al m\u00e1ximo.<\/p>\n<p>&nbsp;<\/p>\n<p><span style=\"font-family: -apple-system, BlinkMacSystemFont, 'Segoe UI', Roboto, Oxygen-Sans, Ubuntu, Cantarell, 'Helvetica Neue', sans-serif;\">M\u00e1s informaci\u00f3n en https:\/\/festivalcineindependiente.com\/diseno-sonoro\/<\/span><\/p>\n","protected":false},"excerpt":{"rendered":"<p><strong>Dise\u00f1o Sonoro para Cine<\/strong><\/p>\n<p>1 Masterclass con el Ganador del Oscar Carlos Cort\u00e9s Navarrete<br \/>\n4 Sesiones Pr\u00e1cticas con Adrianna Maldonado<\/p>\n<p>&nbsp;<\/p>\n<p>Presentado por el Festival de Cine Independiente de la Ciudad de M\u00e9xico y Red Nacional de Arte.<\/p>\n<p>&nbsp;<\/p>\n<p><strong>Fechas y horarios:<\/strong><\/p>\n<p>24, 25, 26, 27 y 28 de febrero.<br \/>\n* Las sesiones se llevar\u00e1n a cabo en un horario de 19 a 21 hrs (Tiempo Ciudad de M\u00e9xico).<\/p>\n<p>&nbsp;<\/p>\n<p>El <strong>Festival de Cine Independiente de la Ciudad de M\u00e9xico (FECIMX)<\/strong> y <strong>Red Nacional de Arte<\/strong> convocan al segundo Taller de Dise\u00f1o Sonoro para Cine. Durante las sesiones, que se llevar\u00e1n a cabo de forma virtual, se profundizar\u00e1 en el estudio y aplicaci\u00f3n de t\u00e9cnicas y conceptos esenciales en el dise\u00f1o y postproducci\u00f3n sonora para el desarrollo de narrativas audiovisuales. Lxs participantes adquirir\u00e1n conocimientos sobre los diversos elementos del dise\u00f1o sonoro, la relevancia del sonido en el cine y su funci\u00f3n en las narrativas cinematogr\u00e1ficas, as\u00ed como los procesos y flujos de trabajo desde la preproducci\u00f3n hasta la postproducci\u00f3n. Se abordar\u00e1n aspectos t\u00e9cnicos y herramientas para la edici\u00f3n de audio y la exportaci\u00f3n de mezclas y deliveries.<\/p>\n<p>Todas las sesiones se grabar\u00e1n y los links se proporcionar\u00e1n a los participantes para su descarga, con la intenci\u00f3n de que no pierdan tiempo grabando desde sus dispositivos y aprovechen el taller al m\u00e1ximo.<\/p>\n<p>&nbsp;<\/p>\n<p><span style=\"font-family: -apple-system, BlinkMacSystemFont, 'Segoe UI', Roboto, Oxygen-Sans, Ubuntu, Cantarell, 'Helvetica Neue', sans-serif;\">M\u00e1s informaci\u00f3n en https:\/\/festivalcineindependiente.com\/diseno-sonoro\/<\/span><\/p>\n","protected":false},"featured_media":2145,"comment_status":"open","ping_status":"closed","template":"","meta":[],"product_brand":[],"product_cat":[39,6,7],"product_tag":[206,207,175],"class_list":{"0":"post-2144","1":"product","2":"type-product","3":"status-publish","4":"has-post-thumbnail","6":"product_cat-cine","7":"product_cat-cursos","8":"product_cat-cursos-online","9":"product_tag-adrianna-maldonado","10":"product_tag-carlos-cortes-navarrete","11":"product_tag-diseno-sonoro","13":"first","14":"outofstock","15":"virtual","16":"purchasable","17":"product-type-simple"},"jetpack_sharing_enabled":true,"_links":{"self":[{"href":"https:\/\/rednacionaldearte.com\/tienda\/wp-json\/wp\/v2\/product\/2144","targetHints":{"allow":["GET"]}}],"collection":[{"href":"https:\/\/rednacionaldearte.com\/tienda\/wp-json\/wp\/v2\/product"}],"about":[{"href":"https:\/\/rednacionaldearte.com\/tienda\/wp-json\/wp\/v2\/types\/product"}],"replies":[{"embeddable":true,"href":"https:\/\/rednacionaldearte.com\/tienda\/wp-json\/wp\/v2\/comments?post=2144"}],"wp:featuredmedia":[{"embeddable":true,"href":"https:\/\/rednacionaldearte.com\/tienda\/wp-json\/wp\/v2\/media\/2145"}],"wp:attachment":[{"href":"https:\/\/rednacionaldearte.com\/tienda\/wp-json\/wp\/v2\/media?parent=2144"}],"wp:term":[{"taxonomy":"product_brand","embeddable":true,"href":"https:\/\/rednacionaldearte.com\/tienda\/wp-json\/wp\/v2\/product_brand?post=2144"},{"taxonomy":"product_cat","embeddable":true,"href":"https:\/\/rednacionaldearte.com\/tienda\/wp-json\/wp\/v2\/product_cat?post=2144"},{"taxonomy":"product_tag","embeddable":true,"href":"https:\/\/rednacionaldearte.com\/tienda\/wp-json\/wp\/v2\/product_tag?post=2144"}],"curies":[{"name":"wp","href":"https:\/\/api.w.org\/{rel}","templated":true}]}}