{"id":2321,"date":"2025-06-18T18:22:53","date_gmt":"2025-06-18T18:22:53","guid":{"rendered":"https:\/\/rednacionaldearte.com\/tienda\/?post_type=product&#038;p=2321"},"modified":"2025-06-26T13:44:31","modified_gmt":"2025-06-26T13:44:31","slug":"taller-actores","status":"publish","type":"product","link":"https:\/\/rednacionaldearte.com\/tienda\/producto\/taller-actores\/","title":{"rendered":"Taller de direcci\u00f3n de actores y actuaci\u00f3n frente a la c\u00e1mara"},"content":{"rendered":"<p><strong>Entre la presencia y la representaci\u00f3n<\/strong><\/p>\n<p><strong>Taller de direcci\u00f3n de actores y actuaci\u00f3n frente a la c\u00e1mara<\/strong><\/p>\n<p>&nbsp;<\/p>\n<p>Presentado por el Festival de Cine Independiente de la Ciudad de M\u00e9xico y Red Nacional de Arte.<\/p>\n<p>&nbsp;<\/p>\n<p><strong>Fechas y horarios:<\/strong><\/p>\n<ul>\n<li>24 de junio de 2025, de 19 a 21 horas.<\/li>\n<li>25 de junio de 2025, de 19 a 21 horas.<\/li>\n<li>27 de junio de 2025, de 19 a 21 horas.<\/li>\n<li>28 de junio de 2025, de 12:30 a 14:30 hrs.<\/li>\n<\/ul>\n<p>* Horarios en tiempo Ciudad de M\u00e9xico.<\/p>\n<p>&nbsp;<\/p>\n<p>El\u00a0<strong>Festival de Cine Independiente de la Ciudad de M\u00e9xico (FECIMX)<\/strong>\u00a0y\u00a0<strong>Red Nacional de Arte<\/strong>\u00a0convocan al\u00a0<strong>Taller de direcci\u00f3n de actores y actuaci\u00f3n frente a la c\u00e1mara<\/strong>\u00a0con\u00a0<strong>Blanca Guerra, L\u00e1zaro Gabino Rodr\u00edguez, Hoze Mel\u00e9ndez y Laura de Ita<\/strong>, un espacio formativo intensivo para explorar los procesos creativos de actuaci\u00f3n frente a la c\u00e1mara y la relaci\u00f3n colaborativa entre direcci\u00f3n y actuaci\u00f3n en cine.<\/p>\n<p>El objetivo de este es conocer, desde la experiencia de actores y actrices de reconocida trayector\u00eda, procesos creativos y herramientas para la construcci\u00f3n de personajes, gestos y s\u00edmbolos frente a la c\u00e1mara, as\u00ed como un mundo conceptual y est\u00e9tico en escena y en pantalla y el camino para llegar ah\u00ed pasando por las lecturas del guion, los castings y el rodaje. El punto de partida es el de la pregunta \u00bfC\u00f3mo lograr el artificio cinematogr\u00e1fico?<\/p>\n<p>A lo largo de cuatro sesiones, se abordar\u00e1n herramientas pr\u00e1cticas y perspectivas conceptuales que recorren todo el proceso creativo: desde el primer encuentro con el guion y las decisiones iniciales antes del casting y el rodaje, hasta la construcci\u00f3n minuciosa del personaje y su despliegue f\u00edsico y emocional frente a la c\u00e1mara.<\/p>\n<p>Todas las sesiones se grabar\u00e1n y los links se proporcionar\u00e1n a los participantes para su descarga, con la intenci\u00f3n de que no pierdan tiempo grabando desde sus dispositivos y aprovechen el taller al m\u00e1ximo.<\/p>\n<p>&nbsp;<\/p>\n<p><span style=\"font-family: -apple-system, BlinkMacSystemFont, 'Segoe UI', Roboto, Oxygen-Sans, Ubuntu, Cantarell, 'Helvetica Neue', sans-serif;\">M\u00e1s informaci\u00f3n en https:\/\/festivalcineindependiente.com\/taller-dir-actores\/<\/span><\/p>\n<p>* Por favor considera que los correos de confirmaci\u00f3n para las inscripciones realizadas en fin de semana se enviar\u00e1n el lunes.<\/p>\n","protected":false},"excerpt":{"rendered":"<p><strong>Entre la presencia y la representaci\u00f3n<\/strong><\/p>\n<p><strong>Taller de direcci\u00f3n de actores y actuaci\u00f3n frente a la c\u00e1mara<\/strong><\/p>\n<p>&nbsp;<\/p>\n<p>Presentado por el Festival de Cine Independiente de la Ciudad de M\u00e9xico y Red Nacional de Arte.<\/p>\n<p>&nbsp;<\/p>\n<p><strong>Fechas y horarios:<\/strong><\/p>\n<ul>\n<li>24 de junio de 2025, de 19 a 21 horas.<\/li>\n<li>25 de junio de 2025, de 19 a 21 horas.<\/li>\n<li>27 de junio de 2025, de 19 a 21 horas.<\/li>\n<li>28 de junio de 2025, de 12:30 a 14:30 hrs.<\/li>\n<\/ul>\n<p>* Horarios en tiempo Ciudad de M\u00e9xico.<\/p>\n<p>&nbsp;<\/p>\n<p>El\u00a0<strong>Festival de Cine Independiente de la Ciudad de M\u00e9xico (FECIMX)<\/strong>\u00a0y\u00a0<strong>Red Nacional de Arte<\/strong>\u00a0convocan al\u00a0<strong>Taller de direcci\u00f3n de actores y actuaci\u00f3n frente a la c\u00e1mara<\/strong>\u00a0con\u00a0<strong>Blanca Guerra, L\u00e1zaro Gabino Rodr\u00edguez, Hoze Mel\u00e9ndez y Laura de Ita<\/strong>, un espacio formativo intensivo para explorar los procesos creativos de actuaci\u00f3n frente a la c\u00e1mara y la relaci\u00f3n colaborativa entre direcci\u00f3n y actuaci\u00f3n en cine.<\/p>\n<p>El objetivo de este es conocer, desde la experiencia de actores y actrices de reconocida trayector\u00eda, procesos creativos y herramientas para la construcci\u00f3n de personajes, gestos y s\u00edmbolos frente a la c\u00e1mara, as\u00ed como un mundo conceptual y est\u00e9tico en escena y en pantalla y el camino para llegar ah\u00ed pasando por las lecturas del guion, los castings y el rodaje. El punto de partida es el de la pregunta \u00bfC\u00f3mo lograr el artificio cinematogr\u00e1fico?<\/p>\n<p>A lo largo de cuatro sesiones, se abordar\u00e1n herramientas pr\u00e1cticas y perspectivas conceptuales que recorren todo el proceso creativo: desde el primer encuentro con el guion y las decisiones iniciales antes del casting y el rodaje, hasta la construcci\u00f3n minuciosa del personaje y su despliegue f\u00edsico y emocional frente a la c\u00e1mara.<\/p>\n<p>Todas las sesiones se grabar\u00e1n y los links se proporcionar\u00e1n a los participantes para su descarga, con la intenci\u00f3n de que no pierdan tiempo grabando desde sus dispositivos y aprovechen el taller al m\u00e1ximo.<\/p>\n<p>&nbsp;<\/p>\n<p><span style=\"font-family: -apple-system, BlinkMacSystemFont, 'Segoe UI', Roboto, Oxygen-Sans, Ubuntu, Cantarell, 'Helvetica Neue', sans-serif;\">M\u00e1s informaci\u00f3n en https:\/\/festivalcineindependiente.com\/taller-dir-actores\/<\/span><\/p>\n<p>* Por favor considera que los correos de confirmaci\u00f3n para las inscripciones realizadas en fin de semana se enviar\u00e1n el lunes.<\/p>\n","protected":false},"featured_media":2322,"comment_status":"open","ping_status":"closed","template":"","meta":[],"product_brand":[],"product_cat":[39,6,7],"product_tag":[218,220,221,219],"class_list":{"0":"post-2321","1":"product","2":"type-product","3":"status-publish","4":"has-post-thumbnail","6":"product_cat-cine","7":"product_cat-cursos","8":"product_cat-cursos-online","9":"product_tag-blanca-guerra","10":"product_tag-hoze-melendez","11":"product_tag-laura-de-ita","12":"product_tag-lazaro-gabino-rodriguez","14":"first","15":"outofstock","16":"virtual","17":"purchasable","18":"product-type-simple"},"jetpack_sharing_enabled":true,"_links":{"self":[{"href":"https:\/\/rednacionaldearte.com\/tienda\/wp-json\/wp\/v2\/product\/2321","targetHints":{"allow":["GET"]}}],"collection":[{"href":"https:\/\/rednacionaldearte.com\/tienda\/wp-json\/wp\/v2\/product"}],"about":[{"href":"https:\/\/rednacionaldearte.com\/tienda\/wp-json\/wp\/v2\/types\/product"}],"replies":[{"embeddable":true,"href":"https:\/\/rednacionaldearte.com\/tienda\/wp-json\/wp\/v2\/comments?post=2321"}],"wp:featuredmedia":[{"embeddable":true,"href":"https:\/\/rednacionaldearte.com\/tienda\/wp-json\/wp\/v2\/media\/2322"}],"wp:attachment":[{"href":"https:\/\/rednacionaldearte.com\/tienda\/wp-json\/wp\/v2\/media?parent=2321"}],"wp:term":[{"taxonomy":"product_brand","embeddable":true,"href":"https:\/\/rednacionaldearte.com\/tienda\/wp-json\/wp\/v2\/product_brand?post=2321"},{"taxonomy":"product_cat","embeddable":true,"href":"https:\/\/rednacionaldearte.com\/tienda\/wp-json\/wp\/v2\/product_cat?post=2321"},{"taxonomy":"product_tag","embeddable":true,"href":"https:\/\/rednacionaldearte.com\/tienda\/wp-json\/wp\/v2\/product_tag?post=2321"}],"curies":[{"name":"wp","href":"https:\/\/api.w.org\/{rel}","templated":true}]}}