{"id":2444,"date":"2025-12-06T00:29:13","date_gmt":"2025-12-06T00:29:13","guid":{"rendered":"https:\/\/rednacionaldearte.com\/tienda\/?post_type=product&#038;p=2444"},"modified":"2025-12-16T04:21:45","modified_gmt":"2025-12-16T04:21:45","slug":"taller-stop-motion","status":"publish","type":"product","link":"https:\/\/rednacionaldearte.com\/tienda\/producto\/taller-stop-motion\/","title":{"rendered":"Taller de Stop Motion con Muerte al Buen Cine"},"content":{"rendered":"<p><strong>Creando Pesadillas: Taller de Stop Motion con Muerte al Buen Cine<\/strong><\/p>\n<p>&nbsp;<\/p>\n<p>Presentado por el Festival de Cine Independiente de la Ciudad de M\u00e9xico y Red Nacional de Arte.<\/p>\n<p>&nbsp;<\/p>\n<p><strong>Fechas y horarios:<\/strong><\/p>\n<ul>\n<li>15, 16, 17 y 18 de diciembre de 2025, de 19 a 21 horas<br \/>\n* Horarios en tiempo Ciudad de M\u00e9xico.<\/li>\n<\/ul>\n<p>&nbsp;<\/p>\n<p>El\u00a0<strong>Festival de Cine Independiente de la Ciudad de M\u00e9xico (FECIMX)<\/strong>\u00a0y\u00a0<strong>Red Nacional de Arte<\/strong>\u00a0convocan al\u00a0<strong>Taller de Introducci\u00f3n al Stop Motion<\/strong>\u00a0impartido por\u00a0<strong>Muerte al Buen Cine<\/strong>.<\/p>\n<p>El stop motion puede ser un arma para sacar a la superficie las pesadillas que habitan en los cuartos, las azoteas y las calles. Creando Pesadillas es un taller intensivo impartido por Muerte al Buen Cine, proyecto de animaci\u00f3n surgido en Ciudad Nezahualc\u00f3yotl que ha construido un lenguaje propio a partir de mu\u00f1ecos deformes, texturas sucias y relatos cargados de humor negro, violencia cotidiana y una identidad centrada en un M\u00e9xico popular.<\/p>\n<p>Este\u00a0<strong>taller intensivo<\/strong>\u00a0propone acompa\u00f1ar a las, les y los participantes en el proceso de crear una animaci\u00f3n claymation trabajando con materiales accesibles y t\u00e9cnicas de animaci\u00f3n cuadro por cuadro para que cada persona pueda seguir produciendo desde su casa, con los recursos que tenga a la mano.<\/p>\n<p>Este taller est\u00e1 dise\u00f1ado para ayudarte a:<\/p>\n<ul>\n<li>Comprender los fundamentos de la animaci\u00f3n stop motion y su potencial para contar historias de terror, humor negro y cr\u00edtica social.<\/li>\n<li>Dise\u00f1ar personajes y marionetas que encarnen miedos y obsesiones personales o colectivas.<\/li>\n<li>Elaborar storyboards claros que organicen acciones, escalas y escenarios de forma efectiva.<\/li>\n<li>Aplicar los 12 principios de la animaci\u00f3n en secuencias propias, enfocadas en generar tensi\u00f3n, atm\u00f3sfera y ritmo.<\/li>\n<li>Realizar un clip de stop motion que funcione como pieza y carta de presentaci\u00f3n de la voz de cada participante.<\/li>\n<\/ul>\n<p>&nbsp;<\/p>\n<p>Todas las sesiones se grabar\u00e1n y los links se proporcionar\u00e1n a los participantes para su descarga, con la intenci\u00f3n de que no pierdan tiempo grabando desde sus dispositivos y aprovechen el taller al m\u00e1ximo.<\/p>\n<p>&nbsp;<\/p>\n<p><span style=\"font-family: -apple-system, BlinkMacSystemFont, 'Segoe UI', Roboto, Oxygen-Sans, Ubuntu, Cantarell, 'Helvetica Neue', sans-serif;\">M\u00e1s informaci\u00f3n en https:\/\/festivalcineindependiente.com\/muerte-al-buen-cine\/<\/span><\/p>\n","protected":false},"excerpt":{"rendered":"<p><strong>Creando Pesadillas: Taller de Stop Motion con Muerte al Buen Cine<\/strong><\/p>\n<p>&nbsp;<\/p>\n<p>Presentado por el Festival de Cine Independiente de la Ciudad de M\u00e9xico y Red Nacional de Arte.<\/p>\n<p>&nbsp;<\/p>\n<p><strong>Fechas y horarios:<\/strong><\/p>\n<ul>\n<li>15, 16, 17 y 18 de diciembre de 2025, de 19 a 21 horas<br \/>\n* Horarios en tiempo Ciudad de M\u00e9xico.<\/li>\n<\/ul>\n<p>&nbsp;<\/p>\n<p>El\u00a0<strong>Festival de Cine Independiente de la Ciudad de M\u00e9xico (FECIMX)<\/strong>\u00a0y\u00a0<strong>Red Nacional de Arte<\/strong>\u00a0convocan al\u00a0<strong>Taller de Introducci\u00f3n al Stop Motion<\/strong>\u00a0impartido por\u00a0<strong>Muerte al Buen Cine<\/strong>.<\/p>\n<p>El stop motion puede ser un arma para sacar a la superficie las pesadillas que habitan en los cuartos, las azoteas y las calles. Creando Pesadillas es un taller intensivo impartido por Muerte al Buen Cine, proyecto de animaci\u00f3n surgido en Ciudad Nezahualc\u00f3yotl que ha construido un lenguaje propio a partir de mu\u00f1ecos deformes, texturas sucias y relatos cargados de humor negro, violencia cotidiana y una identidad centrada en un M\u00e9xico popular.<\/p>\n<p>Este\u00a0<strong>taller intensivo<\/strong>\u00a0propone acompa\u00f1ar a las, les y los participantes en el proceso de crear una animaci\u00f3n claymation trabajando con materiales accesibles y t\u00e9cnicas de animaci\u00f3n cuadro por cuadro para que cada persona pueda seguir produciendo desde su casa, con los recursos que tenga a la mano.<\/p>\n<p>Este taller est\u00e1 dise\u00f1ado para ayudarte a:<\/p>\n<ul>\n<li>Comprender los fundamentos de la animaci\u00f3n stop motion y su potencial para contar historias de terror, humor negro y cr\u00edtica social.<\/li>\n<li>Dise\u00f1ar personajes y marionetas que encarnen miedos y obsesiones personales o colectivas.<\/li>\n<li>Elaborar storyboards claros que organicen acciones, escalas y escenarios de forma efectiva.<\/li>\n<li>Aplicar los 12 principios de la animaci\u00f3n en secuencias propias, enfocadas en generar tensi\u00f3n, atm\u00f3sfera y ritmo.<\/li>\n<li>Realizar un clip de stop motion que funcione como pieza y carta de presentaci\u00f3n de la voz de cada participante.<\/li>\n<\/ul>\n<p>&nbsp;<\/p>\n<p>Todas las sesiones se grabar\u00e1n y los links se proporcionar\u00e1n a los participantes para su descarga, con la intenci\u00f3n de que no pierdan tiempo grabando desde sus dispositivos y aprovechen el taller al m\u00e1ximo.<\/p>\n<p>&nbsp;<\/p>\n<p><span style=\"font-family: -apple-system, BlinkMacSystemFont, 'Segoe UI', Roboto, Oxygen-Sans, Ubuntu, Cantarell, 'Helvetica Neue', sans-serif;\">M\u00e1s informaci\u00f3n en https:\/\/festivalcineindependiente.com\/muerte-al-buen-cine\/<\/span><\/p>\n","protected":false},"featured_media":2445,"comment_status":"open","ping_status":"closed","template":"","meta":[],"product_brand":[],"product_cat":[39,6,7],"product_tag":[232,234,233],"class_list":{"0":"post-2444","1":"product","2":"type-product","3":"status-publish","4":"has-post-thumbnail","6":"product_cat-cine","7":"product_cat-cursos","8":"product_cat-cursos-online","9":"product_tag-animacion","10":"product_tag-muerte-al-buen-cine","11":"product_tag-stop-motion","13":"first","14":"outofstock","15":"downloadable","16":"virtual","17":"purchasable","18":"product-type-simple"},"jetpack_sharing_enabled":true,"_links":{"self":[{"href":"https:\/\/rednacionaldearte.com\/tienda\/wp-json\/wp\/v2\/product\/2444","targetHints":{"allow":["GET"]}}],"collection":[{"href":"https:\/\/rednacionaldearte.com\/tienda\/wp-json\/wp\/v2\/product"}],"about":[{"href":"https:\/\/rednacionaldearte.com\/tienda\/wp-json\/wp\/v2\/types\/product"}],"replies":[{"embeddable":true,"href":"https:\/\/rednacionaldearte.com\/tienda\/wp-json\/wp\/v2\/comments?post=2444"}],"wp:featuredmedia":[{"embeddable":true,"href":"https:\/\/rednacionaldearte.com\/tienda\/wp-json\/wp\/v2\/media\/2445"}],"wp:attachment":[{"href":"https:\/\/rednacionaldearte.com\/tienda\/wp-json\/wp\/v2\/media?parent=2444"}],"wp:term":[{"taxonomy":"product_brand","embeddable":true,"href":"https:\/\/rednacionaldearte.com\/tienda\/wp-json\/wp\/v2\/product_brand?post=2444"},{"taxonomy":"product_cat","embeddable":true,"href":"https:\/\/rednacionaldearte.com\/tienda\/wp-json\/wp\/v2\/product_cat?post=2444"},{"taxonomy":"product_tag","embeddable":true,"href":"https:\/\/rednacionaldearte.com\/tienda\/wp-json\/wp\/v2\/product_tag?post=2444"}],"curies":[{"name":"wp","href":"https:\/\/api.w.org\/{rel}","templated":true}]}}