{"id":619,"date":"2019-06-06T15:54:39","date_gmt":"2019-06-06T15:54:39","guid":{"rendered":"https:\/\/rednacionaldearte.com\/tienda\/?post_type=product&#038;p=619"},"modified":"2019-06-21T20:26:48","modified_gmt":"2019-06-21T20:26:48","slug":"boletos-para-escena-contemporanea-mx-vol-ii","status":"publish","type":"product","link":"https:\/\/rednacionaldearte.com\/tienda\/producto\/boletos-para-escena-contemporanea-mx-vol-ii\/","title":{"rendered":"Boletos para Escena Contempor\u00e1nea MX"},"content":{"rendered":"<h3><\/h3>\n<h3><strong>*** PREVENTA CERRADA ***<\/strong><\/h3>\n<h3><strong>Por favor adquiere tus boletos durante el evento en Galer\u00eda Afirme.<\/strong><\/h3>\n<p>M\u00e9todos de pago aceptados: Efectivo y tarjetas de cr\u00e9dito y d\u00e9bito.<\/p>\n<h3><\/h3>\n<hr \/>\n<p>&nbsp;<\/p>\n<p>Obras de danza contempor\u00e1nea de Nohbords &#8220;Raised by Gods&#8221;, Yuki Pastrana &#8220;Ojo de Mujer&#8221; y proyecci\u00f3n de videodanzas.<\/p>\n<p>21 de Junio, 2019. Recepci\u00f3n: 20 horas.<\/p>\n<p><strong>M\u00e1s informaci\u00f3n:<\/strong><\/p>\n<p><a href=\"https:\/\/rednacionaldearte.com\/escena\">https:\/\/rednacionaldearte.com\/escena<\/a><\/p>\n<p><a href=\"https:\/\/www.facebook.com\/events\/452795331931673\/\">https:\/\/www.facebook.com\/events\/452795331931673\/<\/a><\/p>\n<p>Venue: <strong>Galer\u00eda Afirme.<\/strong>\u00a0Plaza de la Rep\u00fablica 26, Piso 1, a un costado del Monumento a la Revoluci\u00f3n.<\/p>\n<p>&nbsp;<\/p>\n<p><strong>Nota:<\/strong> Tu pedido ser\u00e1 procesado despu\u00e9s del pago. Recibir\u00e1s los boletos en el transcurso del d\u00eda, una vez que el sistema confirme el m\u00e9todo de pago.<\/p>\n","protected":false},"excerpt":{"rendered":"<h3><\/h3>\n<h3><strong>*** PREVENTA CERRADA ***<\/strong><\/h3>\n<h3><strong>Por favor adquiere tus boletos durante el evento en Galer\u00eda Afirme.<\/strong><\/h3>\n<p>M\u00e9todos de pago aceptados: Efectivo y tarjetas de cr\u00e9dito y d\u00e9bito.<\/p>\n<h3><\/h3>\n<hr \/>\n<p>&nbsp;<\/p>\n<p>Obras de danza contempor\u00e1nea de Nohbords &#8220;Raised by Gods&#8221;, Yuki Pastrana &#8220;Ojo de Mujer&#8221; y proyecci\u00f3n de videodanzas.<\/p>\n<p>21 de Junio, 2019. Recepci\u00f3n: 20 horas.<\/p>\n<p><strong>M\u00e1s informaci\u00f3n:<\/strong><\/p>\n<p><a href=\"https:\/\/rednacionaldearte.com\/escena\">https:\/\/rednacionaldearte.com\/escena<\/a><\/p>\n<p><a href=\"https:\/\/www.facebook.com\/events\/452795331931673\/\">https:\/\/www.facebook.com\/events\/452795331931673\/<\/a><\/p>\n<p>Venue: <strong>Galer\u00eda Afirme.<\/strong>\u00a0Plaza de la Rep\u00fablica 26, Piso 1, a un costado del Monumento a la Revoluci\u00f3n.<\/p>\n<p>&nbsp;<\/p>\n<p><strong>Nota:<\/strong> Tu pedido ser\u00e1 procesado despu\u00e9s del pago. Recibir\u00e1s los boletos en el transcurso del d\u00eda, una vez que el sistema confirme el m\u00e9todo de pago.<\/p>\n","protected":false},"featured_media":620,"comment_status":"open","ping_status":"closed","template":"","meta":[],"product_brand":[],"product_cat":[92],"product_tag":[131,130,34],"class_list":{"0":"post-619","1":"product","2":"type-product","3":"status-publish","4":"has-post-thumbnail","6":"product_cat-funciones-de-danza","7":"product_tag-escena-contemporanea-mx","8":"product_tag-nohbords","9":"product_tag-yuki-pastrana","11":"first","12":"outofstock","13":"virtual","14":"purchasable","15":"product-type-simple"},"jetpack_sharing_enabled":true,"_links":{"self":[{"href":"https:\/\/rednacionaldearte.com\/tienda\/wp-json\/wp\/v2\/product\/619","targetHints":{"allow":["GET"]}}],"collection":[{"href":"https:\/\/rednacionaldearte.com\/tienda\/wp-json\/wp\/v2\/product"}],"about":[{"href":"https:\/\/rednacionaldearte.com\/tienda\/wp-json\/wp\/v2\/types\/product"}],"replies":[{"embeddable":true,"href":"https:\/\/rednacionaldearte.com\/tienda\/wp-json\/wp\/v2\/comments?post=619"}],"wp:featuredmedia":[{"embeddable":true,"href":"https:\/\/rednacionaldearte.com\/tienda\/wp-json\/wp\/v2\/media\/620"}],"wp:attachment":[{"href":"https:\/\/rednacionaldearte.com\/tienda\/wp-json\/wp\/v2\/media?parent=619"}],"wp:term":[{"taxonomy":"product_brand","embeddable":true,"href":"https:\/\/rednacionaldearte.com\/tienda\/wp-json\/wp\/v2\/product_brand?post=619"},{"taxonomy":"product_cat","embeddable":true,"href":"https:\/\/rednacionaldearte.com\/tienda\/wp-json\/wp\/v2\/product_cat?post=619"},{"taxonomy":"product_tag","embeddable":true,"href":"https:\/\/rednacionaldearte.com\/tienda\/wp-json\/wp\/v2\/product_tag?post=619"}],"curies":[{"name":"wp","href":"https:\/\/api.w.org\/{rel}","templated":true}]}}