{"id":655,"date":"2019-11-08T23:37:18","date_gmt":"2019-11-08T23:37:18","guid":{"rendered":"https:\/\/rednacionaldearte.com\/tienda\/?post_type=product&#038;p=655"},"modified":"2020-02-19T03:06:07","modified_gmt":"2020-02-19T03:06:07","slug":"laboratorio-creacion-cinematografica","status":"publish","type":"product","link":"https:\/\/rednacionaldearte.com\/tienda\/producto\/laboratorio-creacion-cinematografica\/","title":{"rendered":"Inscripci\u00f3n al Laboratorio de Creaci\u00f3n Cinematogr\u00e1fica"},"content":{"rendered":"<p>Inscr\u00edbete al Laboratorio de Creaci\u00f3n Cinematogr\u00e1fica enfocado en cine documental, parte del Programa Acad\u00e9mico del Festival de Cine Independiente de la CDMX.<\/p>\n<p>Para mayor informaci\u00f3n, consultar\u00a0<a href=\"https:\/\/festivalcineindependiente.com\/lab\/\">https:\/\/festivalcineindependiente.com\/lab\/<\/a><\/p>\n","protected":false},"excerpt":{"rendered":"<p>Inscr\u00edbete al Laboratorio de Creaci\u00f3n Cinematogr\u00e1fica enfocado en cine documental, parte del Programa Acad\u00e9mico del Festival de Cine Independiente de la CDMX.<\/p>\n<p>Para mayor informaci\u00f3n, consultar\u00a0<a href=\"https:\/\/festivalcineindependiente.com\/lab\/\">https:\/\/festivalcineindependiente.com\/lab\/<\/a><\/p>\n","protected":false},"featured_media":656,"comment_status":"open","ping_status":"closed","template":"","meta":[],"product_brand":[],"product_cat":[39,6,70],"product_tag":[],"class_list":{"0":"post-655","1":"product","2":"type-product","3":"status-publish","4":"has-post-thumbnail","6":"product_cat-cine","7":"product_cat-cursos","8":"product_cat-cursos-presenciales","10":"first","11":"outofstock","12":"sale","13":"virtual","14":"purchasable","15":"product-type-simple"},"jetpack_sharing_enabled":true,"_links":{"self":[{"href":"https:\/\/rednacionaldearte.com\/tienda\/wp-json\/wp\/v2\/product\/655","targetHints":{"allow":["GET"]}}],"collection":[{"href":"https:\/\/rednacionaldearte.com\/tienda\/wp-json\/wp\/v2\/product"}],"about":[{"href":"https:\/\/rednacionaldearte.com\/tienda\/wp-json\/wp\/v2\/types\/product"}],"replies":[{"embeddable":true,"href":"https:\/\/rednacionaldearte.com\/tienda\/wp-json\/wp\/v2\/comments?post=655"}],"wp:featuredmedia":[{"embeddable":true,"href":"https:\/\/rednacionaldearte.com\/tienda\/wp-json\/wp\/v2\/media\/656"}],"wp:attachment":[{"href":"https:\/\/rednacionaldearte.com\/tienda\/wp-json\/wp\/v2\/media?parent=655"}],"wp:term":[{"taxonomy":"product_brand","embeddable":true,"href":"https:\/\/rednacionaldearte.com\/tienda\/wp-json\/wp\/v2\/product_brand?post=655"},{"taxonomy":"product_cat","embeddable":true,"href":"https:\/\/rednacionaldearte.com\/tienda\/wp-json\/wp\/v2\/product_cat?post=655"},{"taxonomy":"product_tag","embeddable":true,"href":"https:\/\/rednacionaldearte.com\/tienda\/wp-json\/wp\/v2\/product_tag?post=655"}],"curies":[{"name":"wp","href":"https:\/\/api.w.org\/{rel}","templated":true}]}}