{"id":665,"date":"2020-02-21T20:12:31","date_gmt":"2020-02-21T20:12:31","guid":{"rendered":"https:\/\/rednacionaldearte.com\/tienda\/?post_type=product&#038;p=665"},"modified":"2023-01-10T21:17:35","modified_gmt":"2023-01-10T21:17:35","slug":"guia-enac-ccc","status":"publish","type":"product","link":"https:\/\/rednacionaldearte.com\/tienda\/producto\/guia-enac-ccc\/","title":{"rendered":"Gu\u00eda de Ingreso a la ENAC \/ CCC"},"content":{"rendered":"<p>&nbsp;<\/p>\n<p>&nbsp;<\/p>\n<p><span style=\"color: #ff0000;\"><strong>Atenci\u00f3n:<\/strong><\/span><\/p>\n<p>Hemos actualizado la gu\u00eda a una versi\u00f3n interactiva con tareas para medir tu progreso, un dashboard con d\u00edas restantes para ex\u00e1menes y convocatorias, actualizaciones autom\u00e1ticas de por vida, herramientas descargables y m\u00e1s funcionalidades. Si deseas adquirirla, crea una cuenta <span style=\"color: #ff0000;\"><strong><a style=\"color: #ff0000;\" href=\"https:\/\/rednacionaldearte.com\/enac-ccc\/guia\/login.php?create=true\" target=\"_blank\" rel=\"noopener\">aqu\u00ed<\/a><\/strong><\/span> y sigue los pasos para activar tu gu\u00eda interactiva y comenzar con tu programa de estudio.<\/p>\n<hr \/>\n<p>&nbsp;<\/p>\n<p>&nbsp;<\/p>\n<p>&nbsp;<\/p>\n<p>&nbsp;<\/p>\n<p>Gu\u00eda de ingreso a escuelas de cine en M\u00e9xico. Prep\u00e1rate para entrar a las mejores escuelas de cine del pa\u00eds: La <strong>Escuela Nacional de Artes Cinematogr\u00e1ficas<\/strong> de la UNAM (<strong>ENAC, antes CUEC<\/strong>) y el <strong>Centro de Capacitaci\u00f3n Cinematogr\u00e1fica (CCC)<\/strong>.<\/p>\n<p>Esta gu\u00eda est\u00e1 pensada \u00fanicamente para la <strong>licenciatura en cinematograf\u00eda<\/strong>, y no para la maestr\u00eda en cine documental de la ENAC o los cursos de gui\u00f3n y producci\u00f3n del CCC.<\/p>\n<p>Algunos de los temas que la gu\u00eda contiene:<\/p>\n<ul>\n<li>Estrategias de estudio.<\/li>\n<li>Ex\u00e1menes muestra: ENAC, CCC, UNAM.<\/li>\n<li>Recomendaciones para cada etapa de ambas escuelas.<\/li>\n<li>Contenidos de cultura cinematogr\u00e1fica mexicana y mundial.<\/li>\n<li>Acceso a simulador en l\u00ednea de primera etapa.<\/li>\n<li>Etc\u00e9tera.<\/li>\n<\/ul>\n<p>Ante cualquier problema, por favor escribe a tienda@rednacionaldearte.com<\/p>\n","protected":false},"excerpt":{"rendered":"<p>&nbsp;<\/p>\n<p>&nbsp;<\/p>\n<p><span style=\"color: #ff0000;\"><strong>Atenci\u00f3n:<\/strong><\/span><\/p>\n<p>Hemos actualizado la gu\u00eda a una versi\u00f3n interactiva con tareas para medir tu progreso, un dashboard con d\u00edas restantes para ex\u00e1menes y convocatorias, actualizaciones autom\u00e1ticas de por vida, herramientas descargables y m\u00e1s funcionalidades. Si deseas adquirirla, crea una cuenta <span style=\"color: #ff0000;\"><strong><a style=\"color: #ff0000;\" href=\"https:\/\/rednacionaldearte.com\/enac-ccc\/guia\/login.php?create=true\" target=\"_blank\" rel=\"noopener\">aqu\u00ed<\/a><\/strong><\/span> y sigue los pasos para activar tu gu\u00eda interactiva y comenzar con tu programa de estudio.<\/p>\n<hr \/>\n<p>&nbsp;<\/p>\n<p>&nbsp;<\/p>\n<p>&nbsp;<\/p>\n<p>&nbsp;<\/p>\n<p>Gu\u00eda de ingreso a escuelas de cine en M\u00e9xico. Prep\u00e1rate para entrar a las mejores escuelas de cine del pa\u00eds: La <strong>Escuela Nacional de Artes Cinematogr\u00e1ficas<\/strong> de la UNAM (<strong>ENAC, antes CUEC<\/strong>) y el <strong>Centro de Capacitaci\u00f3n Cinematogr\u00e1fica (CCC)<\/strong>.<\/p>\n<p>Esta gu\u00eda est\u00e1 pensada \u00fanicamente para la <strong>licenciatura en cinematograf\u00eda<\/strong>, y no para la maestr\u00eda en cine documental de la ENAC o los cursos de gui\u00f3n y producci\u00f3n del CCC.<\/p>\n<p>Algunos de los temas que la gu\u00eda contiene:<\/p>\n<ul>\n<li>Estrategias de estudio.<\/li>\n<li>Ex\u00e1menes muestra: ENAC, CCC, UNAM.<\/li>\n<li>Recomendaciones para cada etapa de ambas escuelas.<\/li>\n<li>Contenidos de cultura cinematogr\u00e1fica mexicana y mundial.<\/li>\n<li>Acceso a simulador en l\u00ednea de primera etapa.<\/li>\n<li>Etc\u00e9tera.<\/li>\n<\/ul>\n<p>Ante cualquier problema, por favor escribe a tienda@rednacionaldearte.com<\/p>\n","protected":false},"featured_media":1281,"comment_status":"open","ping_status":"closed","template":"","meta":[],"product_brand":[],"product_cat":[6,18],"product_tag":[138,139,136,140,137],"class_list":{"0":"post-665","1":"product","2":"type-product","3":"status-publish","4":"has-post-thumbnail","6":"product_cat-cursos","7":"product_cat-libros","8":"product_tag-centro-de-capacitacion-cinematografica-ccc","9":"product_tag-escuela-nacional-de-artes-cinematograficas","10":"product_tag-guia-ccc","11":"product_tag-guia-de-ingreso","12":"product_tag-guia-enac","14":"first","15":"outofstock","16":"downloadable","17":"virtual","18":"purchasable","19":"product-type-simple"},"jetpack_sharing_enabled":true,"_links":{"self":[{"href":"https:\/\/rednacionaldearte.com\/tienda\/wp-json\/wp\/v2\/product\/665","targetHints":{"allow":["GET"]}}],"collection":[{"href":"https:\/\/rednacionaldearte.com\/tienda\/wp-json\/wp\/v2\/product"}],"about":[{"href":"https:\/\/rednacionaldearte.com\/tienda\/wp-json\/wp\/v2\/types\/product"}],"replies":[{"embeddable":true,"href":"https:\/\/rednacionaldearte.com\/tienda\/wp-json\/wp\/v2\/comments?post=665"}],"wp:featuredmedia":[{"embeddable":true,"href":"https:\/\/rednacionaldearte.com\/tienda\/wp-json\/wp\/v2\/media\/1281"}],"wp:attachment":[{"href":"https:\/\/rednacionaldearte.com\/tienda\/wp-json\/wp\/v2\/media?parent=665"}],"wp:term":[{"taxonomy":"product_brand","embeddable":true,"href":"https:\/\/rednacionaldearte.com\/tienda\/wp-json\/wp\/v2\/product_brand?post=665"},{"taxonomy":"product_cat","embeddable":true,"href":"https:\/\/rednacionaldearte.com\/tienda\/wp-json\/wp\/v2\/product_cat?post=665"},{"taxonomy":"product_tag","embeddable":true,"href":"https:\/\/rednacionaldearte.com\/tienda\/wp-json\/wp\/v2\/product_tag?post=665"}],"curies":[{"name":"wp","href":"https:\/\/api.w.org\/{rel}","templated":true}]}}